{"id":30,"date":"2026-02-05T07:19:17","date_gmt":"2026-02-05T07:19:17","guid":{"rendered":"https:\/\/shop.stadinao.eu\/RYHMAT\/2026_kevat\/Pylkkonen\/?page_id=30"},"modified":"2026-03-28T13:32:50","modified_gmt":"2026-03-28T13:32:50","slug":"elementor-30","status":"publish","type":"page","link":"https:\/\/shop.stadinao.eu\/RYHMAT\/2026_kevat\/Pylkkonen\/","title":{"rendered":"Sivu1"},"content":{"rendered":"\t\t<div data-elementor-type=\"wp-page\" data-elementor-id=\"30\" class=\"elementor elementor-30\">\n\t\t\t\t<div class=\"elementor-element elementor-element-bbdbb09 e-grid e-con-boxed e-con e-parent\" data-id=\"bbdbb09\" data-element_type=\"container\" data-e-type=\"container\" data-settings=\"{&quot;background_background&quot;:&quot;classic&quot;}\">\n\t\t\t\t\t<div class=\"e-con-inner\">\n\t\t\t\t<div class=\"elementor-element elementor-element-f150cb9 elementor-widget elementor-widget-heading\" data-id=\"f150cb9\" data-element_type=\"widget\" data-e-type=\"widget\" data-widget_type=\"heading.default\">\n\t\t\t\t\t<p class=\"elementor-heading-title elementor-size-default\">W\u00e4in\u00f6<br>Pylkk\u00f6nen<\/p>\t\t\t\t<\/div>\n\t\t\t\t<div class=\"elementor-element elementor-element-b10d702 elementor-widget elementor-widget-heading\" data-id=\"b10d702\" data-element_type=\"widget\" data-e-type=\"widget\" data-widget_type=\"heading.default\">\n\t\t\t\t\t<p class=\"elementor-heading-title elementor-size-default\"><a href=\"#22\">Yhteystiedot<\/a><\/p>\t\t\t\t<\/div>\n\t\t\t\t\t<\/div>\n\t\t\t\t<\/div>\n\t\t<div class=\"elementor-element elementor-element-a702821 e-grid e-con-boxed e-con e-parent\" data-id=\"a702821\" data-element_type=\"container\" data-e-type=\"container\" data-settings=\"{&quot;background_background&quot;:&quot;classic&quot;}\">\n\t\t\t\t\t<div class=\"e-con-inner\">\n\t\t\t\t<div class=\"elementor-element elementor-element-dcef506 elementor-widget elementor-widget-image\" data-id=\"dcef506\" data-element_type=\"widget\" data-e-type=\"widget\" data-widget_type=\"image.default\">\n\t\t\t\t\t\t\t\t\t\t\t\t\t\t\t<img decoding=\"async\" src=\"https:\/\/shop.stadinao.eu\/RYHMAT\/2026_kevat\/Pylkkonen\/wp-content\/uploads\/elementor\/thumbs\/IMG_2669-scaled-rl6asm5d19irgwiz1efx85e4iwjds6rog6m3bfysr4.jpg\" title=\"IMG_2669\" alt=\"IMG_2669\" loading=\"lazy\" \/>\t\t\t\t\t\t\t\t\t\t\t\t\t\t\t<\/div>\n\t\t\t\t<div class=\"elementor-element elementor-element-923de32 elementor-widget elementor-widget-heading\" data-id=\"923de32\" data-element_type=\"widget\" data-e-type=\"widget\" data-widget_type=\"heading.default\">\n\t\t\t\t\t<h4 class=\"elementor-heading-title elementor-size-default\">Hei! Tervetuloa portfoliooni!<br><br>Nimeni on W\u00e4in\u00f6 Pylkk\u00f6nen, 19v. Opiskelen Media-alaa Stadin ammatti- ja aikuisopistossa.<br><br>Olen ty\u00f6skennellyt koulussa painokoneiden ja Adobe-sovelluksien parissa.<br><br>Koulun ulkopuolella laulan Cantores Minores- kuorossa, jossa olen ollut jo 13 vuotta.<\/h4>\t\t\t\t<\/div>\n\t\t\t\t\t<\/div>\n\t\t\t\t<\/div>\n\t\t<div class=\"elementor-element elementor-element-e280b06 e-flex e-con-boxed e-con e-parent\" data-id=\"e280b06\" data-element_type=\"container\" data-e-type=\"container\">\n\t\t\t\t\t<div class=\"e-con-inner\">\n\t\t\t\t<div class=\"elementor-element elementor-element-82b8e7e elementor-widget elementor-widget-heading\" data-id=\"82b8e7e\" data-element_type=\"widget\" data-e-type=\"widget\" data-widget_type=\"heading.default\">\n\t\t\t\t\t<h3 class=\"elementor-heading-title elementor-size-default\">Kouluteht\u00e4vi\u00e4<\/h3>\t\t\t\t<\/div>\n\t\t\t\t\t<\/div>\n\t\t\t\t<\/div>\n\t\t<div class=\"elementor-element elementor-element-16263fb e-flex e-con-boxed e-con e-parent\" data-id=\"16263fb\" data-element_type=\"container\" data-e-type=\"container\">\n\t\t\t\t\t<div class=\"e-con-inner\">\n\t\t\t\t<div class=\"elementor-element elementor-element-fd4687a elementor-widget elementor-widget-heading\" data-id=\"fd4687a\" data-element_type=\"widget\" data-e-type=\"widget\" data-widget_type=\"heading.default\">\n\t\t\t\t\t<h4 class=\"elementor-heading-title elementor-size-default\">Painokoneet<\/h4>\t\t\t\t<\/div>\n\t\t\t\t\t<\/div>\n\t\t\t\t<\/div>\n\t\t<div class=\"elementor-element elementor-element-1339493 e-grid e-con-boxed e-con e-parent\" data-id=\"1339493\" data-element_type=\"container\" data-e-type=\"container\">\n\t\t\t\t\t<div class=\"e-con-inner\">\n\t\t\t\t<div class=\"elementor-element elementor-element-457ecfd elementor-widget elementor-widget-image\" data-id=\"457ecfd\" data-element_type=\"widget\" data-e-type=\"widget\" data-widget_type=\"image.default\">\n\t\t\t\t\t\t\t\t\t\t\t\t<figure class=\"wp-caption\">\n\t\t\t\t\t\t\t\t\t\t<img fetchpriority=\"high\" decoding=\"async\" width=\"750\" height=\"1000\" src=\"https:\/\/shop.stadinao.eu\/RYHMAT\/2026_kevat\/Pylkkonen\/wp-content\/uploads\/2026\/03\/IMG_2598-768x1024.jpg\" class=\"attachment-large size-large wp-image-247\" alt=\"\" srcset=\"https:\/\/shop.stadinao.eu\/RYHMAT\/2026_kevat\/Pylkkonen\/wp-content\/uploads\/2026\/03\/IMG_2598-768x1024.jpg 768w, https:\/\/shop.stadinao.eu\/RYHMAT\/2026_kevat\/Pylkkonen\/wp-content\/uploads\/2026\/03\/IMG_2598-225x300.jpg 225w, https:\/\/shop.stadinao.eu\/RYHMAT\/2026_kevat\/Pylkkonen\/wp-content\/uploads\/2026\/03\/IMG_2598-1152x1536.jpg 1152w, https:\/\/shop.stadinao.eu\/RYHMAT\/2026_kevat\/Pylkkonen\/wp-content\/uploads\/2026\/03\/IMG_2598-1536x2048.jpg 1536w, https:\/\/shop.stadinao.eu\/RYHMAT\/2026_kevat\/Pylkkonen\/wp-content\/uploads\/2026\/03\/IMG_2598-1568x2091.jpg 1568w, https:\/\/shop.stadinao.eu\/RYHMAT\/2026_kevat\/Pylkkonen\/wp-content\/uploads\/2026\/03\/IMG_2598-scaled.jpg 1920w\" sizes=\"(max-width: 750px) 100vw, 750px\" style=\"width:100%;height:133.33%;max-width:1920px\" \/>\t\t\t\t\t\t\t\t\t\t\t<figcaption class=\"widget-image-caption wp-caption-text\">Levy, tarkkaa materiaalia en muista. Tehty HP R1000- tulostimella. Kuva on stock photo.<\/figcaption>\n\t\t\t\t\t\t\t\t\t\t<\/figure>\n\t\t\t\t\t\t\t\t\t<\/div>\n\t\t\t\t<div class=\"elementor-element elementor-element-701b4fc elementor-widget elementor-widget-image\" data-id=\"701b4fc\" data-element_type=\"widget\" data-e-type=\"widget\" data-widget_type=\"image.default\">\n\t\t\t\t\t\t\t\t\t\t\t\t<figure class=\"wp-caption\">\n\t\t\t\t\t\t\t\t\t\t<img decoding=\"async\" width=\"750\" height=\"1000\" src=\"https:\/\/shop.stadinao.eu\/RYHMAT\/2026_kevat\/Pylkkonen\/wp-content\/uploads\/2026\/03\/IMG_2580-768x1024.jpg\" class=\"attachment-large size-large wp-image-246\" alt=\"\" srcset=\"https:\/\/shop.stadinao.eu\/RYHMAT\/2026_kevat\/Pylkkonen\/wp-content\/uploads\/2026\/03\/IMG_2580-768x1024.jpg 768w, https:\/\/shop.stadinao.eu\/RYHMAT\/2026_kevat\/Pylkkonen\/wp-content\/uploads\/2026\/03\/IMG_2580-225x300.jpg 225w, https:\/\/shop.stadinao.eu\/RYHMAT\/2026_kevat\/Pylkkonen\/wp-content\/uploads\/2026\/03\/IMG_2580-1152x1536.jpg 1152w, https:\/\/shop.stadinao.eu\/RYHMAT\/2026_kevat\/Pylkkonen\/wp-content\/uploads\/2026\/03\/IMG_2580-1536x2048.jpg 1536w, https:\/\/shop.stadinao.eu\/RYHMAT\/2026_kevat\/Pylkkonen\/wp-content\/uploads\/2026\/03\/IMG_2580-1568x2091.jpg 1568w, https:\/\/shop.stadinao.eu\/RYHMAT\/2026_kevat\/Pylkkonen\/wp-content\/uploads\/2026\/03\/IMG_2580-scaled.jpg 1920w\" sizes=\"(max-width: 750px) 100vw, 750px\" style=\"width:100%;height:133.33%;max-width:1920px\" \/>\t\t\t\t\t\t\t\t\t\t\t<figcaption class=\"widget-image-caption wp-caption-text\">Juliste. Tehty julistetulostimella. Kuvan omistaa Savonlinnan Oopperajuhlat.<\/figcaption>\n\t\t\t\t\t\t\t\t\t\t<\/figure>\n\t\t\t\t\t\t\t\t\t<\/div>\n\t\t\t\t\t<\/div>\n\t\t\t\t<\/div>\n\t\t<div class=\"elementor-element elementor-element-387fa33 e-flex e-con-boxed e-con e-parent\" data-id=\"387fa33\" data-element_type=\"container\" data-e-type=\"container\">\n\t\t\t\t\t<div class=\"e-con-inner\">\n\t\t\t\t<div class=\"elementor-element elementor-element-f09ad09 elementor-widget elementor-widget-heading\" data-id=\"f09ad09\" data-element_type=\"widget\" data-e-type=\"widget\" data-widget_type=\"heading.default\">\n\t\t\t\t\t<h4 class=\"elementor-heading-title elementor-size-default\">Adobe<\/h4>\t\t\t\t<\/div>\n\t\t\t\t\t<\/div>\n\t\t\t\t<\/div>\n\t\t<div class=\"elementor-element elementor-element-cf5d62a e-grid e-con-boxed e-con e-parent\" data-id=\"cf5d62a\" data-element_type=\"container\" data-e-type=\"container\">\n\t\t\t\t\t<div class=\"e-con-inner\">\n\t\t\t\t<div class=\"elementor-element elementor-element-ebd4b79 elementor-widget elementor-widget-image\" data-id=\"ebd4b79\" data-element_type=\"widget\" data-e-type=\"widget\" data-widget_type=\"image.default\">\n\t\t\t\t\t\t\t\t\t\t\t\t<figure class=\"wp-caption\">\n\t\t\t\t\t\t\t\t\t\t<img decoding=\"async\" width=\"1024\" height=\"634\" src=\"https:\/\/shop.stadinao.eu\/RYHMAT\/2026_kevat\/Pylkkonen\/wp-content\/uploads\/2026\/03\/1774447140002-e60c2898-a180-4399-8896-d8c7ac3e9c43_1.jpg\" class=\"attachment-1536x1536 size-1536x1536 wp-image-341\" alt=\"\" srcset=\"https:\/\/shop.stadinao.eu\/RYHMAT\/2026_kevat\/Pylkkonen\/wp-content\/uploads\/2026\/03\/1774447140002-e60c2898-a180-4399-8896-d8c7ac3e9c43_1.jpg 1024w, https:\/\/shop.stadinao.eu\/RYHMAT\/2026_kevat\/Pylkkonen\/wp-content\/uploads\/2026\/03\/1774447140002-e60c2898-a180-4399-8896-d8c7ac3e9c43_1-300x186.jpg 300w, https:\/\/shop.stadinao.eu\/RYHMAT\/2026_kevat\/Pylkkonen\/wp-content\/uploads\/2026\/03\/1774447140002-e60c2898-a180-4399-8896-d8c7ac3e9c43_1-768x476.jpg 768w\" sizes=\"(max-width: 1024px) 100vw, 1024px\" style=\"width:100%;height:61.91%;max-width:1024px\" \/>\t\t\t\t\t\t\t\t\t\t\t<figcaption class=\"widget-image-caption wp-caption-text\"><\/figcaption>\n\t\t\t\t\t\t\t\t\t\t<\/figure>\n\t\t\t\t\t\t\t\t\t<\/div>\n\t\t\t\t<div class=\"elementor-element elementor-element-db8cf35 elementor-widget elementor-widget-image\" data-id=\"db8cf35\" data-element_type=\"widget\" data-e-type=\"widget\" data-widget_type=\"image.default\">\n\t\t\t\t\t\t\t\t\t\t\t\t<figure class=\"wp-caption\">\n\t\t\t\t\t\t\t\t\t\t<img loading=\"lazy\" decoding=\"async\" width=\"1024\" height=\"634\" src=\"https:\/\/shop.stadinao.eu\/RYHMAT\/2026_kevat\/Pylkkonen\/wp-content\/uploads\/2026\/03\/1774447140002-e60c2898-a180-4399-8896-d8c7ac3e9c43_2.jpg\" class=\"attachment-1536x1536 size-1536x1536 wp-image-342\" alt=\"\" srcset=\"https:\/\/shop.stadinao.eu\/RYHMAT\/2026_kevat\/Pylkkonen\/wp-content\/uploads\/2026\/03\/1774447140002-e60c2898-a180-4399-8896-d8c7ac3e9c43_2.jpg 1024w, https:\/\/shop.stadinao.eu\/RYHMAT\/2026_kevat\/Pylkkonen\/wp-content\/uploads\/2026\/03\/1774447140002-e60c2898-a180-4399-8896-d8c7ac3e9c43_2-300x186.jpg 300w, https:\/\/shop.stadinao.eu\/RYHMAT\/2026_kevat\/Pylkkonen\/wp-content\/uploads\/2026\/03\/1774447140002-e60c2898-a180-4399-8896-d8c7ac3e9c43_2-768x476.jpg 768w\" sizes=\"(max-width: 1024px) 100vw, 1024px\" style=\"width:100%;height:61.91%;max-width:1024px\" \/>\t\t\t\t\t\t\t\t\t\t\t<figcaption class=\"widget-image-caption wp-caption-text\"><\/figcaption>\n\t\t\t\t\t\t\t\t\t\t<\/figure>\n\t\t\t\t\t\t\t\t\t<\/div>\n\t\t\t\t<div class=\"elementor-element elementor-element-63387ab elementor-widget elementor-widget-heading\" data-id=\"63387ab\" data-element_type=\"widget\" data-e-type=\"widget\" data-widget_type=\"heading.default\">\n\t\t\t\t\t<h5 class=\"elementor-heading-title elementor-size-default\">Suunnittelemani k\u00e4yntikortti. Olin ottanut inspiraatiota Helsingin Kaupungin simppeleist\u00e4 kuvioista. Toteutin k\u00e4yntikortin InDesignilla.<\/h5>\t\t\t\t<\/div>\n\t\t\t\t<div class=\"elementor-element elementor-element-3e268dc elementor-widget elementor-widget-video\" data-id=\"3e268dc\" data-element_type=\"widget\" data-e-type=\"widget\" data-settings=\"{&quot;youtube_url&quot;:&quot;https:\\\/\\\/www.youtube.com\\\/watch?v=7x--R46I2Fw&quot;,&quot;video_type&quot;:&quot;youtube&quot;,&quot;controls&quot;:&quot;yes&quot;}\" data-widget_type=\"video.default\">\n\t\t\t\t\t\t\t<div class=\"elementor-wrapper elementor-open-inline\">\n\t\t\t<div class=\"elementor-video\"><\/div>\t\t<\/div>\n\t\t\t\t\t\t<\/div>\n\t\t\t\t<div class=\"elementor-element elementor-element-000ee08 elementor-widget elementor-widget-video\" data-id=\"000ee08\" data-element_type=\"widget\" data-e-type=\"widget\" data-settings=\"{&quot;youtube_url&quot;:&quot;https:\\\/\\\/www.youtube.com\\\/watch?v=m2JHA54iUn0&quot;,&quot;video_type&quot;:&quot;youtube&quot;,&quot;controls&quot;:&quot;yes&quot;}\" data-widget_type=\"video.default\">\n\t\t\t\t\t\t\t<div class=\"elementor-wrapper elementor-open-inline\">\n\t\t\t<div class=\"elementor-video\"><\/div>\t\t<\/div>\n\t\t\t\t\t\t<\/div>\n\t\t\t\t<div class=\"elementor-element elementor-element-b7fc7ab elementor-widget elementor-widget-heading\" data-id=\"b7fc7ab\" data-element_type=\"widget\" data-e-type=\"widget\" data-widget_type=\"heading.default\">\n\t\t\t\t\t<h5 class=\"elementor-heading-title elementor-size-default\">Olen tehnyt videoita Adobe Premiere Pro:lla. Olen tehnyt Premierell\u00e4 videoita, jotka ovat t\u00e4ss\u00e4 n\u00e4kyvill\u00e4.<\/h5>\t\t\t\t<\/div>\n\t\t\t\t\t<\/div>\n\t\t\t\t<\/div>\n\t\t<div class=\"elementor-element elementor-element-605d24b e-flex e-con-boxed e-con e-parent\" data-id=\"605d24b\" data-element_type=\"container\" data-e-type=\"container\">\n\t\t\t\t\t<div class=\"e-con-inner\">\n\t\t\t\t<div class=\"elementor-element elementor-element-a24d502 elementor-widget elementor-widget-shortcode\" data-id=\"a24d502\" data-element_type=\"widget\" data-e-type=\"widget\" data-widget_type=\"shortcode.default\">\n\t\t\t\t\t\t\t<div class=\"elementor-shortcode\"><div class=\"forminator-ui forminator-custom-form forminator-custom-form-151 forminator-design--default  forminator_ajax\" data-forminator-render=\"0\" data-form=\"forminator-module-151\" data-uid=\"69e5d52b31add\"><br\/><\/div><form\n\t\t\t\tid=\"forminator-module-151\"\n\t\t\t\tclass=\"forminator-ui forminator-custom-form forminator-custom-form-151 forminator-design--default  forminator_ajax\"\n\t\t\t\tmethod=\"post\"\n\t\t\t\tdata-forminator-render=\"0\"\n\t\t\t\tdata-form-id=\"151\"\n\t\t\t\t data-color-option=\"theme\" data-design=\"default\" data-grid=\"open\" style=\"display: none;\"\n\t\t\t\tdata-uid=\"69e5d52b31add\"\n\t\t\t><div role=\"alert\" aria-live=\"polite\" class=\"forminator-response-message forminator-error\" aria-hidden=\"true\"><\/div><div class=\"forminator-row\"><div id=\"name-1\" class=\"forminator-field-name forminator-col forminator-col-12 \"><div class=\"forminator-field\"><label for=\"forminator-field-name-1_69e5d52b31add\" id=\"forminator-field-name-1_69e5d52b31add-label\" class=\"forminator-label\">Nimi <span class=\"forminator-required\">*<\/span><\/label><input type=\"text\" name=\"name-1\" value=\"\" placeholder=\"\" id=\"forminator-field-name-1_69e5d52b31add\" class=\"forminator-input forminator-name--field\" aria-required=\"true\" autocomplete=\"name\" \/><\/div><\/div><\/div><div class=\"forminator-row\"><div id=\"email-1\" class=\"forminator-field-email forminator-col forminator-col-12 \"><div class=\"forminator-field\"><label for=\"forminator-field-email-1_69e5d52b31add\" id=\"forminator-field-email-1_69e5d52b31add-label\" class=\"forminator-label\">S\u00e4hk\u00f6posti <span class=\"forminator-required\">*<\/span><\/label><input type=\"email\" name=\"email-1\" value=\"\" placeholder=\"\" id=\"forminator-field-email-1_69e5d52b31add\" class=\"forminator-input forminator-email--field\" data-required=\"true\" aria-required=\"true\" autocomplete=\"email\" \/><\/div><\/div><\/div><div class=\"forminator-row\"><div id=\"textarea-1\" class=\"forminator-field-textarea forminator-col forminator-col-12 \"><div class=\"forminator-field\"><label for=\"forminator-field-textarea-1_69e5d52b31add\" id=\"forminator-field-textarea-1_69e5d52b31add-label\" class=\"forminator-label\">Viesti<\/label><span id=\"forminator-field-textarea-1_69e5d52b31add-description\" class=\"forminator-description\"><span data-limit=\"180\" data-type=\"characters\" data-editor=\"\">0 \/ 180<\/span><\/span><textarea name=\"textarea-1\" placeholder=\"\" id=\"forminator-field-textarea-1_69e5d52b31add\" class=\"forminator-textarea\" rows=\"6\" style=\"min-height:140px;\" maxlength=\"180\" ><\/textarea><\/div><\/div><\/div><input type=\"hidden\" name=\"referer_url\" value=\"\" \/><div class=\"forminator-row forminator-row-last\"><div class=\"forminator-col\"><div class=\"forminator-field\"><button class=\"forminator-button forminator-button-submit\">Submit<\/button><\/div><\/div><\/div><input type=\"hidden\" id=\"forminator_nonce\" name=\"forminator_nonce\" value=\"7b9fe8f21d\" \/><input type=\"hidden\" name=\"_wp_http_referer\" value=\"\/RYHMAT\/2026_kevat\/Pylkkonen\/wp-json\/wp\/v2\/pages\/30\" \/><input type=\"hidden\" name=\"form_id\" value=\"151\"><input type=\"hidden\" name=\"page_id\" value=\"30\"><input type=\"hidden\" name=\"form_type\" value=\"default\"><input type=\"hidden\" name=\"current_url\" value=\"https:\/\/shop.stadinao.eu\/RYHMAT\/2026_kevat\/Pylkkonen\/\"><input type=\"hidden\" name=\"render_id\" value=\"0\"><input type=\"hidden\" name=\"action\" value=\"forminator_submit_form_custom-forms\"><\/form><\/div>\n\t\t\t\t\t\t<\/div>\n\t\t\t\t<div class=\"elementor-element elementor-element-3bf3792 elementor-widget elementor-widget-menu-anchor\" data-id=\"3bf3792\" data-element_type=\"widget\" data-e-type=\"widget\" data-widget_type=\"menu-anchor.default\">\n\t\t\t\t\t\t\t<div class=\"elementor-menu-anchor\" id=\"22\"><\/div>\n\t\t\t\t\t\t<\/div>\n\t\t\t\t\t<\/div>\n\t\t\t\t<\/div>\n\t\t\t\t<\/div>\n\t\t","protected":false},"excerpt":{"rendered":"<p>W\u00e4in\u00f6Pylkk\u00f6nen Yhteystiedot Hei! Tervetuloa portfoliooni! Nimeni on W\u00e4in\u00f6 Pylkk\u00f6nen, 19v. Opiskelen Media-alaa Stadin ammatti- ja aikuisopistossa. Olen ty\u00f6skennellyt koulussa painokoneiden ja Adobe-sovelluksien parissa. Koulun ulkopuolella laulan Cantores Minores- kuorossa, jossa olen ollut jo 13 vuotta. Kouluteht\u00e4vi\u00e4 Painokoneet Levy, tarkkaa materiaalia en muista. Tehty HP R1000- tulostimella. Kuva on stock photo. Juliste. Tehty julistetulostimella. Kuvan omistaa&hellip; <a class=\"more-link\" href=\"https:\/\/shop.stadinao.eu\/RYHMAT\/2026_kevat\/Pylkkonen\/\">Continue reading <span class=\"screen-reader-text\">Sivu1<\/span><\/a><\/p>\n","protected":false},"author":1,"featured_media":0,"parent":0,"menu_order":0,"comment_status":"closed","ping_status":"closed","template":"elementor_header_footer","meta":{"pagelayer_contact_templates":[],"_pagelayer_content":"","footnotes":""},"class_list":["post-30","page","type-page","status-publish","hentry","entry"],"_links":{"self":[{"href":"https:\/\/shop.stadinao.eu\/RYHMAT\/2026_kevat\/Pylkkonen\/wp-json\/wp\/v2\/pages\/30","targetHints":{"allow":["GET"]}}],"collection":[{"href":"https:\/\/shop.stadinao.eu\/RYHMAT\/2026_kevat\/Pylkkonen\/wp-json\/wp\/v2\/pages"}],"about":[{"href":"https:\/\/shop.stadinao.eu\/RYHMAT\/2026_kevat\/Pylkkonen\/wp-json\/wp\/v2\/types\/page"}],"author":[{"embeddable":true,"href":"https:\/\/shop.stadinao.eu\/RYHMAT\/2026_kevat\/Pylkkonen\/wp-json\/wp\/v2\/users\/1"}],"replies":[{"embeddable":true,"href":"https:\/\/shop.stadinao.eu\/RYHMAT\/2026_kevat\/Pylkkonen\/wp-json\/wp\/v2\/comments?post=30"}],"version-history":[{"count":331,"href":"https:\/\/shop.stadinao.eu\/RYHMAT\/2026_kevat\/Pylkkonen\/wp-json\/wp\/v2\/pages\/30\/revisions"}],"predecessor-version":[{"id":407,"href":"https:\/\/shop.stadinao.eu\/RYHMAT\/2026_kevat\/Pylkkonen\/wp-json\/wp\/v2\/pages\/30\/revisions\/407"}],"wp:attachment":[{"href":"https:\/\/shop.stadinao.eu\/RYHMAT\/2026_kevat\/Pylkkonen\/wp-json\/wp\/v2\/media?parent=30"}],"curies":[{"name":"wp","href":"https:\/\/api.w.org\/{rel}","templated":true}]}}