{"id":586,"date":"2026-03-14T09:15:34","date_gmt":"2026-03-14T09:15:34","guid":{"rendered":"https:\/\/shop.stadinao.eu\/RYHMAT\/2026_kevat\/Immonen\/?page_id=586"},"modified":"2026-03-25T14:02:47","modified_gmt":"2026-03-25T14:02:47","slug":"yhteys","status":"publish","type":"page","link":"https:\/\/shop.stadinao.eu\/RYHMAT\/2026_kevat\/Immonen\/yhteys\/","title":{"rendered":"Yhteys"},"content":{"rendered":"\t\t<div data-elementor-type=\"wp-page\" data-elementor-id=\"586\" class=\"elementor elementor-586\">\n\t\t\t\t<div class=\"elementor-element elementor-element-9be61e5 e-flex e-con-boxed e-con e-parent\" data-id=\"9be61e5\" data-element_type=\"container\">\n\t\t\t\t\t<div class=\"e-con-inner\">\n\t\t\t\t<div class=\"elementor-element elementor-element-c86495a elementor-widget elementor-widget-heading\" data-id=\"c86495a\" data-element_type=\"widget\" data-widget_type=\"heading.default\">\n\t\t\t\t\t<h2 class=\"elementor-heading-title elementor-size-default\">Yhteys<\/h2>\t\t\t\t<\/div>\n\t\t\t\t<div class=\"elementor-element elementor-element-d9f89c4 elementor-widget elementor-widget-html\" data-id=\"d9f89c4\" data-element_type=\"widget\" data-widget_type=\"html.default\">\n\t\t\t\t\t<style>\r\n    .entry-header{display:none}\r\n<\/style>\t\t\t\t<\/div>\n\t\t<div class=\"elementor-element elementor-element-1da2f32 e-grid e-con-full e-con e-child\" data-id=\"1da2f32\" data-element_type=\"container\">\n\t\t\t\t<div class=\"elementor-element elementor-element-40e87a3 elementor-widget elementor-widget-heading\" data-id=\"40e87a3\" data-element_type=\"widget\" data-widget_type=\"heading.default\">\n\t\t\t\t\t<h2 class=\"elementor-heading-title elementor-size-default\"><a href=\"https:\/\/shop.stadinao.eu\/RYHMAT\/2026_kevat\/Immonen\/\">Etusivu<\/a><\/h2>\t\t\t\t<\/div>\n\t\t\t\t<div class=\"elementor-element elementor-element-539b4c4 elementor-widget elementor-widget-heading\" data-id=\"539b4c4\" data-element_type=\"widget\" data-widget_type=\"heading.default\">\n\t\t\t\t\t<h2 class=\"elementor-heading-title elementor-size-default\"><a href=\"https:\/\/shop.stadinao.eu\/RYHMAT\/2026_kevat\/Immonen\/teokset\/\">Teokset<\/a><\/h2>\t\t\t\t<\/div>\n\t\t\t\t<div class=\"elementor-element elementor-element-77be2b8 elementor-widget elementor-widget-heading\" data-id=\"77be2b8\" data-element_type=\"widget\" data-widget_type=\"heading.default\">\n\t\t\t\t\t<h2 class=\"elementor-heading-title elementor-size-default\"><a href=\"https:\/\/shop.stadinao.eu\/RYHMAT\/2026_kevat\/Immonen\/yhteys\/\">Yhteys<\/a><\/h2>\t\t\t\t<\/div>\n\t\t\t\t<\/div>\n\t\t<div class=\"elementor-element elementor-element-96c5ccb e-con-full e-flex e-con e-child\" data-id=\"96c5ccb\" data-element_type=\"container\" data-settings=\"{&quot;background_background&quot;:&quot;classic&quot;}\">\n\t\t<div class=\"elementor-element elementor-element-8b5b84b e-grid e-con-full e-con e-child\" data-id=\"8b5b84b\" data-element_type=\"container\">\n\t\t\t\t<div class=\"elementor-element elementor-element-7fbbed5 elementor-widget elementor-widget-text-editor\" data-id=\"7fbbed5\" data-element_type=\"widget\" data-widget_type=\"text-editor.default\">\n\t\t\t\t\t\t\t\t\t<p>Voit laittaa viesti\u00e4 s\u00e4hk\u00f6postiini immonen.kaisu@gmail.com<\/p><p>\u00a0<\/p><p>tai alla olevan lomakkeen kautta!<\/p>\t\t\t\t\t\t\t\t<\/div>\n\t\t\t\t<div class=\"elementor-element elementor-element-65fd4de elementor-widget elementor-widget-image\" data-id=\"65fd4de\" data-element_type=\"widget\" data-widget_type=\"image.default\">\n\t\t\t\t\t\t\t\t\t\t\t\t\t\t\t<img decoding=\"async\" src=\"https:\/\/shop.stadinao.eu\/RYHMAT\/2026_kevat\/Immonen\/wp-content\/uploads\/2026\/01\/IMG_9780-scaled.jpg\" title=\"Untitled\" alt=\"\" loading=\"lazy\" \/>\t\t\t\t\t\t\t\t\t\t\t\t\t\t\t<\/div>\n\t\t\t\t<\/div>\n\t\t\t\t<\/div>\n\t\t\t\t\t<\/div>\n\t\t\t\t<\/div>\n\t\t<div class=\"elementor-element elementor-element-d662119 e-flex e-con-boxed e-con e-parent\" data-id=\"d662119\" data-element_type=\"container\">\n\t\t\t\t\t<div class=\"e-con-inner\">\n\t\t\t\t<div class=\"elementor-element elementor-element-1517530 elementor-widget elementor-widget-shortcode\" data-id=\"1517530\" data-element_type=\"widget\" data-widget_type=\"shortcode.default\">\n\t\t\t\t\t\t\t<div class=\"elementor-shortcode\"><div class=\"forminator-ui forminator-custom-form forminator-custom-form-236 forminator-design--material  forminator_ajax\" data-forminator-render=\"0\" data-form=\"forminator-module-236\" data-uid=\"69e5ece09094c\"><br\/><\/div><form\n\t\t\t\tid=\"forminator-module-236\"\n\t\t\t\tclass=\"forminator-ui forminator-custom-form forminator-custom-form-236 forminator-design--material  forminator_ajax\"\n\t\t\t\tmethod=\"post\"\n\t\t\t\tdata-forminator-render=\"0\"\n\t\t\t\tdata-form-id=\"236\"\n\t\t\t\t data-color-option=\"theme\" data-design=\"material\" data-grid=\"open\" style=\"display: none;\"\n\t\t\t\tdata-uid=\"69e5ece09094c\"\n\t\t\t><div role=\"alert\" aria-live=\"polite\" class=\"forminator-response-message forminator-error\" aria-hidden=\"true\"><\/div><div class=\"forminator-row\"><div id=\"name-1\" class=\"forminator-field-name forminator-col forminator-col-12 \"><div class=\"forminator-field\"><label for=\"forminator-field-name-1_69e5ece09094c\" id=\"forminator-field-name-1_69e5ece09094c-label\" class=\"forminator-label\">Nimi <span class=\"forminator-required\">*<\/span><\/label><input type=\"text\" name=\"name-1\" value=\"\" placeholder=\"\" id=\"forminator-field-name-1_69e5ece09094c\" class=\"forminator-input forminator-name--field\" aria-required=\"true\" autocomplete=\"name\" \/><\/div><\/div><\/div><div class=\"forminator-row\"><div id=\"email-1\" class=\"forminator-field-email forminator-col forminator-col-12 \"><div class=\"forminator-field\"><label for=\"forminator-field-email-1_69e5ece09094c\" id=\"forminator-field-email-1_69e5ece09094c-label\" class=\"forminator-label\">S\u00e4hk\u00f6posti <span class=\"forminator-required\">*<\/span><\/label><input type=\"email\" name=\"email-1\" value=\"\" placeholder=\"\" id=\"forminator-field-email-1_69e5ece09094c\" class=\"forminator-input forminator-email--field\" data-required=\"true\" aria-required=\"true\" autocomplete=\"email\" \/><\/div><\/div><\/div><div class=\"forminator-row\"><div id=\"phone-1\" class=\"forminator-field-phone forminator-col forminator-col-12 \"><div class=\"forminator-field\"><label for=\"forminator-field-phone-1_69e5ece09094c\" id=\"forminator-field-phone-1_69e5ece09094c-label\" class=\"forminator-label\">Puhelin<\/label><input type=\"text\" name=\"phone-1\" value=\"\" placeholder=\"\" id=\"forminator-field-phone-1_69e5ece09094c\" class=\"forminator-input forminator-field--phone\" data-required=\"\" aria-required=\"false\" autocomplete=\"off\" \/><\/div><\/div><\/div><div class=\"forminator-row\"><div id=\"textarea-1\" class=\"forminator-field-textarea forminator-col forminator-col-12 \"><div class=\"forminator-field\"><label for=\"forminator-field-textarea-1_69e5ece09094c\" id=\"forminator-field-textarea-1_69e5ece09094c-label\" class=\"forminator-label\">Viesti<\/label><span id=\"forminator-field-textarea-1_69e5ece09094c-description\" class=\"forminator-description\"><span data-limit=\"180\" data-type=\"characters\" data-editor=\"\">0 \/ 180<\/span><\/span><textarea name=\"textarea-1\" placeholder=\"\" id=\"forminator-field-textarea-1_69e5ece09094c\" class=\"forminator-textarea\" rows=\"6\" style=\"min-height:140px;\" maxlength=\"180\" ><\/textarea><\/div><\/div><\/div><input type=\"hidden\" name=\"referer_url\" value=\"\" \/><div class=\"forminator-row forminator-row-last\"><div class=\"forminator-col\"><div class=\"forminator-field\"><button class=\"forminator-button forminator-button-submit\"><span>Submit<\/span><span aria-hidden=\"true\"><\/span><\/button><\/div><\/div><\/div><input type=\"hidden\" id=\"forminator_nonce\" name=\"forminator_nonce\" value=\"d6f2193b45\" \/><input type=\"hidden\" name=\"_wp_http_referer\" value=\"\/RYHMAT\/2026_kevat\/Immonen\/wp-json\/wp\/v2\/pages\/586\" \/><input type=\"hidden\" name=\"form_id\" value=\"236\"><input type=\"hidden\" name=\"page_id\" value=\"586\"><input type=\"hidden\" name=\"form_type\" value=\"default\"><input type=\"hidden\" name=\"current_url\" value=\"https:\/\/shop.stadinao.eu\/RYHMAT\/2026_kevat\/Immonen\/yhteys\/\"><input type=\"hidden\" name=\"render_id\" value=\"0\"><input type=\"hidden\" name=\"action\" value=\"forminator_submit_form_custom-forms\"><\/form><\/div>\n\t\t\t\t\t\t<\/div>\n\t\t\t\t\t<\/div>\n\t\t\t\t<\/div>\n\t\t\t\t<\/div>\n\t\t","protected":false},"excerpt":{"rendered":"<p>Yhteys Etusivu Teokset Yhteys Voit laittaa viesti\u00e4 s\u00e4hk\u00f6postiini immonen.kaisu@gmail.com \u00a0 tai alla olevan lomakkeen kautta!<\/p>\n","protected":false},"author":1,"featured_media":0,"parent":0,"menu_order":0,"comment_status":"closed","ping_status":"closed","template":"","meta":{"pagelayer_contact_templates":[],"_pagelayer_content":"","footnotes":""},"class_list":["post-586","page","type-page","status-publish","hentry","entry"],"_links":{"self":[{"href":"https:\/\/shop.stadinao.eu\/RYHMAT\/2026_kevat\/Immonen\/wp-json\/wp\/v2\/pages\/586","targetHints":{"allow":["GET"]}}],"collection":[{"href":"https:\/\/shop.stadinao.eu\/RYHMAT\/2026_kevat\/Immonen\/wp-json\/wp\/v2\/pages"}],"about":[{"href":"https:\/\/shop.stadinao.eu\/RYHMAT\/2026_kevat\/Immonen\/wp-json\/wp\/v2\/types\/page"}],"author":[{"embeddable":true,"href":"https:\/\/shop.stadinao.eu\/RYHMAT\/2026_kevat\/Immonen\/wp-json\/wp\/v2\/users\/1"}],"replies":[{"embeddable":true,"href":"https:\/\/shop.stadinao.eu\/RYHMAT\/2026_kevat\/Immonen\/wp-json\/wp\/v2\/comments?post=586"}],"version-history":[{"count":142,"href":"https:\/\/shop.stadinao.eu\/RYHMAT\/2026_kevat\/Immonen\/wp-json\/wp\/v2\/pages\/586\/revisions"}],"predecessor-version":[{"id":961,"href":"https:\/\/shop.stadinao.eu\/RYHMAT\/2026_kevat\/Immonen\/wp-json\/wp\/v2\/pages\/586\/revisions\/961"}],"wp:attachment":[{"href":"https:\/\/shop.stadinao.eu\/RYHMAT\/2026_kevat\/Immonen\/wp-json\/wp\/v2\/media?parent=586"}],"curies":[{"name":"wp","href":"https:\/\/api.w.org\/{rel}","templated":true}]}}