{"id":431,"date":"2026-03-09T07:28:07","date_gmt":"2026-03-09T07:28:07","guid":{"rendered":"https:\/\/shop.stadinao.eu\/RYHMAT\/2026_kevat\/Immonen\/?page_id=431"},"modified":"2026-03-25T13:59:18","modified_gmt":"2026-03-25T13:59:18","slug":"kaisu-immonen","status":"publish","type":"page","link":"https:\/\/shop.stadinao.eu\/RYHMAT\/2026_kevat\/Immonen\/","title":{"rendered":"Kaisu Immonen"},"content":{"rendered":"\t\t<div data-elementor-type=\"wp-page\" data-elementor-id=\"431\" class=\"elementor elementor-431\">\n\t\t\t\t<div class=\"elementor-element elementor-element-f6e4325 e-flex e-con-boxed e-con e-parent\" data-id=\"f6e4325\" data-element_type=\"container\">\n\t\t\t\t\t<div class=\"e-con-inner\">\n\t\t\t\t<div class=\"elementor-element elementor-element-cd40d1b elementor-widget elementor-widget-heading\" data-id=\"cd40d1b\" data-element_type=\"widget\" data-widget_type=\"heading.default\">\n\t\t\t\t\t<h2 class=\"elementor-heading-title elementor-size-default\">Kaisu Immonen<\/h2>\t\t\t\t<\/div>\n\t\t<div class=\"elementor-element elementor-element-a8c9666 e-grid e-con-full e-con e-child\" data-id=\"a8c9666\" data-element_type=\"container\">\n\t\t\t\t<div class=\"elementor-element elementor-element-8544918 elementor-widget elementor-widget-heading\" data-id=\"8544918\" data-element_type=\"widget\" data-widget_type=\"heading.default\">\n\t\t\t\t\t<h2 class=\"elementor-heading-title elementor-size-default\"><a href=\"https:\/\/shop.stadinao.eu\/RYHMAT\/2026_kevat\/Immonen\/\">Etusivu<\/a><\/h2>\t\t\t\t<\/div>\n\t\t\t\t<div class=\"elementor-element elementor-element-330c474 elementor-widget elementor-widget-heading\" data-id=\"330c474\" data-element_type=\"widget\" data-widget_type=\"heading.default\">\n\t\t\t\t\t<h2 class=\"elementor-heading-title elementor-size-default\"><a href=\"https:\/\/shop.stadinao.eu\/RYHMAT\/2026_kevat\/Immonen\/teokset\/\">Teokset<\/a><\/h2>\t\t\t\t<\/div>\n\t\t\t\t<div class=\"elementor-element elementor-element-beb3d9c elementor-widget elementor-widget-heading\" data-id=\"beb3d9c\" data-element_type=\"widget\" data-widget_type=\"heading.default\">\n\t\t\t\t\t<h2 class=\"elementor-heading-title elementor-size-default\"><a href=\"https:\/\/shop.stadinao.eu\/RYHMAT\/2026_kevat\/Immonen\/yhteys\/\">Yhteys<\/a><\/h2>\t\t\t\t<\/div>\n\t\t\t\t<\/div>\n\t\t\t\t<div class=\"elementor-element elementor-element-ba5900a elementor-widget elementor-widget-html\" data-id=\"ba5900a\" data-element_type=\"widget\" data-widget_type=\"html.default\">\n\t\t\t\t\t<style>\r\n    .entry-header{display:none}\r\n<\/style>\t\t\t\t<\/div>\n\t\t\t\t\t<\/div>\n\t\t\t\t<\/div>\n\t\t<div class=\"elementor-element elementor-element-6e40281 e-flex e-con-boxed e-con e-parent\" data-id=\"6e40281\" data-element_type=\"container\" data-settings=\"{&quot;background_background&quot;:&quot;classic&quot;}\">\n\t\t\t\t\t<div class=\"e-con-inner\">\n\t\t<div class=\"elementor-element elementor-element-6e27b32 e-grid e-con-full e-con e-child\" data-id=\"6e27b32\" data-element_type=\"container\">\n\t\t\t\t<div class=\"elementor-element elementor-element-5950d42 elementor-widget elementor-widget-text-editor\" data-id=\"5950d42\" data-element_type=\"widget\" data-widget_type=\"text-editor.default\">\n\t\t\t\t\t\t\t\t\t<p>Jokaisen teokseni taustalla on joku todellisuuteen perustuva tarina, mutta tekem\u00e4ni suunnitelma pohjautuu mielikuvitukseen. T\u00e4m\u00e4 antaa tilaa virheille ja kokeiluille, jotka ovat t\u00e4rke\u00e4 osa vivahteikasta ja moniulotteista lopputulosta.\u00a0<\/p><p>\u00a0<\/p><p>Media-alan opinnoillani pyrin tuomaan osaamistani laajemmin my\u00f6s muiden k\u00e4ytett\u00e4v\u00e4ksi!<\/p>\t\t\t\t\t\t\t\t<\/div>\n\t\t\t\t<div class=\"elementor-element elementor-element-cd12e8c elementor-widget elementor-widget-image\" data-id=\"cd12e8c\" data-element_type=\"widget\" data-widget_type=\"image.default\">\n\t\t\t\t\t\t\t\t\t\t\t\t\t\t\t<img decoding=\"async\" src=\"https:\/\/shop.stadinao.eu\/RYHMAT\/2026_kevat\/Immonen\/wp-content\/uploads\/2026\/01\/DF3EED08-1868-491C-ABEF-DD6344FEEB17-scaled.jpg\" title=\"Untitled\" alt=\"\" loading=\"lazy\" \/>\t\t\t\t\t\t\t\t\t\t\t\t\t\t\t<\/div>\n\t\t\t\t<\/div>\n\t\t\t\t\t<\/div>\n\t\t\t\t<\/div>\n\t\t<div class=\"elementor-element elementor-element-dcda906 e-flex e-con-boxed e-con e-parent\" data-id=\"dcda906\" data-element_type=\"container\">\n\t\t\t\t\t<div class=\"e-con-inner\">\n\t\t\t\t<div class=\"elementor-element elementor-element-25b84ba elementor-widget elementor-widget-text-editor\" data-id=\"25b84ba\" data-element_type=\"widget\" data-widget_type=\"text-editor.default\">\n\t\t\t\t\t\t\t\t\t<p>All Images Copyright \u00a9 Kaisu Immonen 2020-2026<\/p>\t\t\t\t\t\t\t\t<\/div>\n\t\t\t\t\t<\/div>\n\t\t\t\t<\/div>\n\t\t\t\t<\/div>\n\t\t","protected":false},"excerpt":{"rendered":"<p>Kaisu Immonen Etusivu Teokset Yhteys Jokaisen teokseni taustalla on joku todellisuuteen perustuva tarina, mutta tekem\u00e4ni suunnitelma pohjautuu mielikuvitukseen. T\u00e4m\u00e4 antaa tilaa virheille ja kokeiluille, jotka ovat t\u00e4rke\u00e4 osa vivahteikasta ja moniulotteista lopputulosta.\u00a0 \u00a0 Media-alan opinnoillani pyrin tuomaan osaamistani laajemmin my\u00f6s muiden k\u00e4ytett\u00e4v\u00e4ksi! All Images Copyright \u00a9 Kaisu Immonen 2020-2026<\/p>\n","protected":false},"author":1,"featured_media":0,"parent":0,"menu_order":0,"comment_status":"closed","ping_status":"closed","template":"","meta":{"pagelayer_contact_templates":[],"_pagelayer_content":"","footnotes":""},"class_list":["post-431","page","type-page","status-publish","hentry","entry"],"_links":{"self":[{"href":"https:\/\/shop.stadinao.eu\/RYHMAT\/2026_kevat\/Immonen\/wp-json\/wp\/v2\/pages\/431","targetHints":{"allow":["GET"]}}],"collection":[{"href":"https:\/\/shop.stadinao.eu\/RYHMAT\/2026_kevat\/Immonen\/wp-json\/wp\/v2\/pages"}],"about":[{"href":"https:\/\/shop.stadinao.eu\/RYHMAT\/2026_kevat\/Immonen\/wp-json\/wp\/v2\/types\/page"}],"author":[{"embeddable":true,"href":"https:\/\/shop.stadinao.eu\/RYHMAT\/2026_kevat\/Immonen\/wp-json\/wp\/v2\/users\/1"}],"replies":[{"embeddable":true,"href":"https:\/\/shop.stadinao.eu\/RYHMAT\/2026_kevat\/Immonen\/wp-json\/wp\/v2\/comments?post=431"}],"version-history":[{"count":169,"href":"https:\/\/shop.stadinao.eu\/RYHMAT\/2026_kevat\/Immonen\/wp-json\/wp\/v2\/pages\/431\/revisions"}],"predecessor-version":[{"id":952,"href":"https:\/\/shop.stadinao.eu\/RYHMAT\/2026_kevat\/Immonen\/wp-json\/wp\/v2\/pages\/431\/revisions\/952"}],"wp:attachment":[{"href":"https:\/\/shop.stadinao.eu\/RYHMAT\/2026_kevat\/Immonen\/wp-json\/wp\/v2\/media?parent=431"}],"curies":[{"name":"wp","href":"https:\/\/api.w.org\/{rel}","templated":true}]}}