{"id":7,"date":"2026-01-28T07:56:32","date_gmt":"2026-01-28T07:56:32","guid":{"rendered":"https:\/\/shop.stadinao.eu\/RYHMAT\/2026_kevat\/Huumonen\/?page_id=7"},"modified":"2026-03-18T16:43:47","modified_gmt":"2026-03-18T16:43:47","slug":"sivu1","status":"publish","type":"page","link":"https:\/\/shop.stadinao.eu\/RYHMAT\/2026_kevat\/Huumonen\/","title":{"rendered":"Sivu1"},"content":{"rendered":"\t\t<div data-elementor-type=\"wp-page\" data-elementor-id=\"7\" class=\"elementor elementor-7\">\n\t\t\t\t<div class=\"elementor-element elementor-element-4f403c7 e-flex e-con-boxed e-con e-parent\" data-id=\"4f403c7\" data-element_type=\"container\" data-e-type=\"container\">\n\t\t\t\t\t<div class=\"e-con-inner\">\n\t\t<div class=\"elementor-element elementor-element-6820000 e-con-full e-flex e-con e-child\" data-id=\"6820000\" data-element_type=\"container\" data-e-type=\"container\">\n\t\t\t\t<div class=\"elementor-element elementor-element-e8c2756 elementor-widget__width-inherit elementor-widget elementor-widget-image\" data-id=\"e8c2756\" data-element_type=\"widget\" data-e-type=\"widget\" data-widget_type=\"image.default\">\n\t\t\t\t\t\t\t\t\t\t\t\t\t\t\t<img decoding=\"async\" width=\"150\" height=\"150\" src=\"https:\/\/shop.stadinao.eu\/RYHMAT\/2026_kevat\/Huumonen\/wp-content\/uploads\/2026\/01\/IMG_0555-e1773657748665-150x150.jpg\" class=\"attachment-thumbnail size-thumbnail wp-image-15\" alt=\"\" style=\"width:100%;height:135.89%;max-width:872px\" \/>\t\t\t\t\t\t\t\t\t\t\t\t\t\t\t<\/div>\n\t\t\t\t<\/div>\n\t\t<div class=\"elementor-element elementor-element-cd22a22 e-con-full e-flex e-con e-child\" data-id=\"cd22a22\" data-element_type=\"container\" data-e-type=\"container\">\n\t\t<div class=\"elementor-element elementor-element-98ac069 e-con-full e-flex e-con e-child\" data-id=\"98ac069\" data-element_type=\"container\" data-e-type=\"container\">\n\t\t\t\t<div class=\"elementor-element elementor-element-9773e65 elementor-widget__width-initial elementor-widget elementor-widget-heading\" data-id=\"9773e65\" data-element_type=\"widget\" data-e-type=\"widget\" data-widget_type=\"heading.default\">\n\t\t\t\t\t<h2 class=\"elementor-heading-title elementor-size-default\">IRA HUUMONEN\n<\/h2>\t\t\t\t<\/div>\n\t\t\t\t<div class=\"elementor-element elementor-element-ad87ccb elementor-widget elementor-widget-text-editor\" data-id=\"ad87ccb\" data-element_type=\"widget\" data-e-type=\"widget\" data-widget_type=\"text-editor.default\">\n\t\t\t\t\t\t\t\t\t<h6 style=\"text-align: center;\">Some-ammattilainen &amp; sis\u00e4ll\u00f6ntuottaja<\/h6>\t\t\t\t\t\t\t\t<\/div>\n\t\t\t\t<div class=\"elementor-element elementor-element-130be77 elementor-widget elementor-widget-text-editor\" data-id=\"130be77\" data-element_type=\"widget\" data-e-type=\"widget\" data-widget_type=\"text-editor.default\">\n\t\t\t\t\t\t\t\t\t<p style=\"text-align: center;\">Mit\u00e4 voin tarjota sulle?<\/p><ul><li><h6 style=\"text-align: left;\"><span style=\"font-family: var(--heading--font-family); font-size: var(--heading--font-size-h6); letter-spacing: var(--heading--letter-spacing-h6); text-align: var(--text-align);\">Sis\u00e4ll\u00f6n suunnittelu, tuotanto ja julkaisu<\/span><\/h6><\/li><li><h6 style=\"text-align: left;\"><span style=\"font-family: var(--heading--font-family); font-size: var(--heading--font-size-h6); font-weight: var(--heading--font-weight-strong); letter-spacing: var(--heading--letter-spacing-h6); text-align: var(--text-align);\">Graafista suunnittelua<\/span><\/h6><\/li><li><h6>Verkkosivujen teko\/p\u00e4ivitys<\/h6><\/li><\/ul>\t\t\t\t\t\t\t\t<\/div>\n\t\t\t\t<\/div>\n\t\t<div class=\"elementor-element elementor-element-8afb5b7 e-con-full e-flex e-con e-child\" data-id=\"8afb5b7\" data-element_type=\"container\" data-e-type=\"container\">\n\t\t\t\t<\/div>\n\t\t\t\t<\/div>\n\t\t\t\t\t<\/div>\n\t\t\t\t<\/div>\n\t\t<div class=\"elementor-element elementor-element-d30269f e-grid e-con-full e-con e-parent\" data-id=\"d30269f\" data-element_type=\"container\" data-e-type=\"container\">\n\t\t<div class=\"elementor-element elementor-element-4bdf5ce e-grid e-con-full e-con e-child\" data-id=\"4bdf5ce\" data-element_type=\"container\" data-e-type=\"container\">\n\t\t\t\t<div class=\"elementor-element elementor-element-7d344d9 elementor-widget elementor-widget-text-editor\" data-id=\"7d344d9\" data-element_type=\"widget\" data-e-type=\"widget\" data-widget_type=\"text-editor.default\">\n\t\t\t\t\t\t\t\t\t<h3>Minusta<\/h3><h5>Olen sosiaalisen median asiantuntija ja sis\u00e4ll\u00f6ntuottaja, joka keskittyy erityisesti Instagram- ja TikTok-sis\u00e4lt\u00f6ihin. Vastaan sosiaalisen median sis\u00e4ll\u00f6ist\u00e4 kokonaisvaltaisesti: ideoin toteutan ja ajastan julkaisut k\u00e4ytt\u00e4en ty\u00f6kaluja kuten Meta Business Suite varmistaakseni julkaisurytmin sek\u00e4 tehokkaan sis\u00e4ll\u00f6nhallinnan.<\/h5><div>\u00a0<\/div><h5>Opiskelen audiovisuaalista viestint\u00e4\u00e4, jossa keskityn erityisesti videotuotantoo, visuaaliseen tarinan kerrontaan ja digitaalisen median sis\u00e4lt\u00f6ihin.<\/h5><div>\u00a0<\/div><h5>Vahvuuksiini kuuluu tarinankerronta sek\u00e4 kyky luoda kiinnostavia ja samaistuttavia sis\u00e4lt\u00f6j\u00e4. Esiinnyn luontevasti kameran edess\u00e4, mist\u00e4 olen saanut toistuvasti positiivista palautetta.<\/h5><div>\u00a0<\/div><h5>Hy\u00f6dynn\u00e4n ty\u00f6ss\u00e4ni ajankohtaisia some-trendej\u00e4, ymm\u00e4rr\u00e4n kohderyhm\u00e4l\u00e4ht\u00f6ist\u00e4 sis\u00e4ll\u00f6ntuotantoa ja kehit\u00e4n sis\u00e4lt\u00f6j\u00e4 jatkuvasti analytiikan pohjalta, Tavoitteeni on tuottaa visuaalisesti yhten\u00e4ist\u00e4 ja vaikuttavaa sis\u00e4lt\u00f6\u00e4, joka tukee br\u00e4ndin viestint\u00e4\u00e4 ja sitouttaa yleis\u00f6\u00e4.<\/h5>\t\t\t\t\t\t\t\t<\/div>\n\t\t<div class=\"elementor-element elementor-element-252a7c5 e-grid e-con-full e-con e-child\" data-id=\"252a7c5\" data-element_type=\"container\" data-e-type=\"container\">\n\t\t\t\t<\/div>\n\t\t\t\t<\/div>\n\t\t<div class=\"elementor-element elementor-element-e401c5c e-grid e-con-full e-con e-child\" data-id=\"e401c5c\" data-element_type=\"container\" data-e-type=\"container\">\n\t\t\t\t<div class=\"elementor-element elementor-element-4de1b94 elementor-widget elementor-widget-video\" data-id=\"4de1b94\" data-element_type=\"widget\" data-e-type=\"widget\" data-settings=\"{&quot;video_type&quot;:&quot;hosted&quot;,&quot;controls&quot;:&quot;yes&quot;}\" data-widget_type=\"video.default\">\n\t\t\t\t\t\t\t<div class=\"e-hosted-video elementor-wrapper elementor-open-inline\">\n\t\t\t\t\t<video class=\"elementor-video\" src=\"https:\/\/shop.stadinao.eu\/RYHMAT\/2026_kevat\/Huumonen\/wp-content\/uploads\/2026\/03\/Too-Faced.mp4\" controls=\"\" preload=\"metadata\" controlsList=\"nodownload\"><\/video>\n\t\t\t\t<\/div>\n\t\t\t\t\t\t<\/div>\n\t\t\t\t<div class=\"elementor-element elementor-element-c55e9c3 elementor-widget elementor-widget-video\" data-id=\"c55e9c3\" data-element_type=\"widget\" data-e-type=\"widget\" data-settings=\"{&quot;video_type&quot;:&quot;hosted&quot;,&quot;controls&quot;:&quot;yes&quot;}\" data-widget_type=\"video.default\">\n\t\t\t\t\t\t\t<div class=\"e-hosted-video elementor-wrapper elementor-open-inline\">\n\t\t\t\t\t<video class=\"elementor-video\" src=\"https:\/\/shop.stadinao.eu\/RYHMAT\/2026_kevat\/Huumonen\/wp-content\/uploads\/2026\/03\/Vuokkoset-TikTok-Ke.mov\" controls=\"\" preload=\"metadata\" controlsList=\"nodownload\"><\/video>\n\t\t\t\t<\/div>\n\t\t\t\t\t\t<\/div>\n\t\t\t\t<div class=\"elementor-element elementor-element-484fe71 elementor-widget elementor-widget-video\" data-id=\"484fe71\" data-element_type=\"widget\" data-e-type=\"widget\" data-settings=\"{&quot;video_type&quot;:&quot;hosted&quot;,&quot;controls&quot;:&quot;yes&quot;}\" data-widget_type=\"video.default\">\n\t\t\t\t\t\t\t<div class=\"e-hosted-video elementor-wrapper elementor-open-inline\">\n\t\t\t\t\t<video class=\"elementor-video\" src=\"https:\/\/shop.stadinao.eu\/RYHMAT\/2026_kevat\/Huumonen\/wp-content\/uploads\/2026\/03\/Vuokkoset-TikTok-To.mov\" controls=\"\" preload=\"metadata\" controlsList=\"nodownload\"><\/video>\n\t\t\t\t<\/div>\n\t\t\t\t\t\t<\/div>\n\t\t\t\t<\/div>\n\t\t\t\t<\/div>\n\t\t<div class=\"elementor-element elementor-element-0732434 e-grid e-con-boxed e-con e-parent\" data-id=\"0732434\" data-element_type=\"container\" data-e-type=\"container\">\n\t\t\t\t\t<div class=\"e-con-inner\">\n\t\t\t\t<div class=\"elementor-element elementor-element-a6ea396 elementor-widget elementor-widget-text-editor\" data-id=\"a6ea396\" data-element_type=\"widget\" data-e-type=\"widget\" data-widget_type=\"text-editor.default\">\n\t\t\t\t\t\t\t\t\t<h5>\u00a0<\/h5><p><span style=\"color: #000000;\"><em>Miksi se on yritykselle hy\u00f6dyllist\u00e4 hy\u00f6dynt\u00e4\u00e4 sis\u00e4ll\u00f6ss\u00e4\u00e4n jo somesta tuttua kasvoa?<\/em><\/span><\/p><hr \/><hr \/><h5>\u00a0<\/h5><h5 style=\"text-align: left;\"><span style=\"color: #000000;\">Luonteva ja tunnistettava esiintyj\u00e4 tuo br\u00e4ndille kasvot, lis\u00e4\u00e4 luottamusta ja tekee sis\u00e4ll\u00f6st\u00e4 aidompaa. T\u00e4m\u00e4 n\u00e4kyy usein parempana sitoutumisena, pidemp\u00e4n\u00e4 katseluaikana ja vahvempana yhteyten\u00e4 yleis\u00f6\u00f6n.<\/span><\/h5>\t\t\t\t\t\t\t\t<\/div>\n\t\t\t\t<div class=\"elementor-element elementor-element-c967018 elementor-widget elementor-widget-image-gallery\" data-id=\"c967018\" data-element_type=\"widget\" data-e-type=\"widget\" data-widget_type=\"image-gallery.default\">\n\t\t\t\t\t\t\t<div class=\"elementor-image-gallery\">\n\t\t\t<div id='gallery-1' class='gallery galleryid-7 gallery-columns-2 gallery-size-medium_large'><figure class='gallery-item'>\n\t\t\t<div class='gallery-icon landscape'>\n\t\t\t\t<a data-elementor-open-lightbox=\"yes\" data-elementor-lightbox-slideshow=\"c967018\" data-elementor-lightbox-title=\"Screenshot\" data-e-action-hash=\"#elementor-action%3Aaction%3Dlightbox%26settings%3DeyJpZCI6NzgsInVybCI6Imh0dHBzOlwvXC9zaG9wLnN0YWRpbmFvLmV1XC9SWUhNQVRcLzIwMjZfa2V2YXRcL0h1dW1vbmVuXC93cC1jb250ZW50XC91cGxvYWRzXC8yMDI2XC8wM1wvSU1HXzM4MjYuanBnIiwic2xpZGVzaG93IjoiYzk2NzAxOCJ9\" href='https:\/\/shop.stadinao.eu\/RYHMAT\/2026_kevat\/Huumonen\/wp-content\/uploads\/2026\/03\/IMG_3826.jpg'><img fetchpriority=\"high\" decoding=\"async\" width=\"750\" height=\"525\" src=\"https:\/\/shop.stadinao.eu\/RYHMAT\/2026_kevat\/Huumonen\/wp-content\/uploads\/2026\/03\/IMG_3826-768x538.jpg\" class=\"attachment-medium_large size-medium_large\" alt=\"\" aria-describedby=\"gallery-1-78\" srcset=\"https:\/\/shop.stadinao.eu\/RYHMAT\/2026_kevat\/Huumonen\/wp-content\/uploads\/2026\/03\/IMG_3826-768x538.jpg 768w, https:\/\/shop.stadinao.eu\/RYHMAT\/2026_kevat\/Huumonen\/wp-content\/uploads\/2026\/03\/IMG_3826-300x210.jpg 300w, https:\/\/shop.stadinao.eu\/RYHMAT\/2026_kevat\/Huumonen\/wp-content\/uploads\/2026\/03\/IMG_3826-1024x717.jpg 1024w, https:\/\/shop.stadinao.eu\/RYHMAT\/2026_kevat\/Huumonen\/wp-content\/uploads\/2026\/03\/IMG_3826.jpg 1320w\" sizes=\"(max-width: 750px) 100vw, 750px\" style=\"width:100%;height:70%;max-width:1320px;\" \/><\/a>\n\t\t\t<\/div>\n\t\t\t\t<figcaption class='wp-caption-text gallery-caption' id='gallery-1-78'>\n\t\t\t\tTikTok tili\n\t\t\t\t<\/figcaption><\/figure><figure class='gallery-item'>\n\t\t\t<div class='gallery-icon portrait'>\n\t\t\t\t<a data-elementor-open-lightbox=\"yes\" data-elementor-lightbox-slideshow=\"c967018\" data-elementor-lightbox-title=\"Screenshot\" data-e-action-hash=\"#elementor-action%3Aaction%3Dlightbox%26settings%3DeyJpZCI6NzcsInVybCI6Imh0dHBzOlwvXC9zaG9wLnN0YWRpbmFvLmV1XC9SWUhNQVRcLzIwMjZfa2V2YXRcL0h1dW1vbmVuXC93cC1jb250ZW50XC91cGxvYWRzXC8yMDI2XC8wM1wvSU1HXzM4MjUtc2NhbGVkLmpwZyIsInNsaWRlc2hvdyI6ImM5NjcwMTgifQ%3D%3D\" href='https:\/\/shop.stadinao.eu\/RYHMAT\/2026_kevat\/Huumonen\/wp-content\/uploads\/2026\/03\/IMG_3825-scaled.jpg'><img decoding=\"async\" width=\"750\" height=\"1473\" src=\"https:\/\/shop.stadinao.eu\/RYHMAT\/2026_kevat\/Huumonen\/wp-content\/uploads\/2026\/03\/IMG_3825-768x1508.jpg\" class=\"attachment-medium_large size-medium_large\" alt=\"\" aria-describedby=\"gallery-1-77\" srcset=\"https:\/\/shop.stadinao.eu\/RYHMAT\/2026_kevat\/Huumonen\/wp-content\/uploads\/2026\/03\/IMG_3825-768x1508.jpg 768w, https:\/\/shop.stadinao.eu\/RYHMAT\/2026_kevat\/Huumonen\/wp-content\/uploads\/2026\/03\/IMG_3825-153x300.jpg 153w, https:\/\/shop.stadinao.eu\/RYHMAT\/2026_kevat\/Huumonen\/wp-content\/uploads\/2026\/03\/IMG_3825-521x1024.jpg 521w, https:\/\/shop.stadinao.eu\/RYHMAT\/2026_kevat\/Huumonen\/wp-content\/uploads\/2026\/03\/IMG_3825-782x1536.jpg 782w, https:\/\/shop.stadinao.eu\/RYHMAT\/2026_kevat\/Huumonen\/wp-content\/uploads\/2026\/03\/IMG_3825-1043x2048.jpg 1043w, https:\/\/shop.stadinao.eu\/RYHMAT\/2026_kevat\/Huumonen\/wp-content\/uploads\/2026\/03\/IMG_3825-scaled.jpg 1304w\" sizes=\"(max-width: 750px) 100vw, 750px\" style=\"width:100%;height:196.32%;max-width:1304px;\" \/><\/a>\n\t\t\t<\/div>\n\t\t\t\t<figcaption class='wp-caption-text gallery-caption' id='gallery-1-77'>\n\t\t\t\tAnalytiikka 28 p\u00e4iv\u00e4n ajalta\n\t\t\t\t<\/figcaption><\/figure>\n\t\t<\/div>\n\t\t<\/div>\n\t\t\t\t\t\t<\/div>\n\t\t\t\t\t<\/div>\n\t\t\t\t<\/div>\n\t\t<div class=\"elementor-element elementor-element-7ad1d86 e-grid e-con-boxed e-con e-parent\" data-id=\"7ad1d86\" data-element_type=\"container\" data-e-type=\"container\">\n\t\t\t\t\t<div class=\"e-con-inner\">\n\t\t\t\t<div class=\"elementor-element elementor-element-209ac5b elementor-widget elementor-widget-text-editor\" data-id=\"209ac5b\" data-element_type=\"widget\" data-e-type=\"widget\" data-widget_type=\"text-editor.default\">\n\t\t\t\t\t\t\t\t\t<h5><span style=\"color: #000000;\">Kiitos kun tutustuit portfoliooni.<\/span><\/h5><h5>\u00a0<\/h5><h5><span style=\"color: #000000;\">Etsin mahdollisuuksia p\u00e4\u00e4st\u00e4 kehitt\u00e4m\u00e4\u00e4n ja toteuttamaan vaikuttavaa sosiaalisen median sis\u00e4lt\u00f6\u00e4 osana tiimi\u00e4 tai yhteisty\u00f6ss\u00e4 br\u00e4ndien kanssa.<\/span><\/h5><h5>\u00a0<\/h5><h5><span style=\"color: #000000;\">Jos etsit luovaa ja oma-alotteista sis\u00e4ll\u00f6ntuottajaa, otathan yhteytt\u00e4 s\u00e4hk\u00f6postitse: irahuumonen@gmail.com<\/span><\/h5>\t\t\t\t\t\t\t\t<\/div>\n\t\t\t\t\t<\/div>\n\t\t\t\t<\/div>\n\t\t<div class=\"elementor-element elementor-element-5b26dc3 e-grid e-con-boxed e-con e-parent\" data-id=\"5b26dc3\" data-element_type=\"container\" data-e-type=\"container\">\n\t\t\t\t\t<div class=\"e-con-inner\">\n\t\t\t\t<div class=\"elementor-element elementor-element-d4d4a99 elementor-shape-rounded elementor-grid-0 e-grid-align-center elementor-widget elementor-widget-social-icons\" data-id=\"d4d4a99\" data-element_type=\"widget\" data-e-type=\"widget\" data-widget_type=\"social-icons.default\">\n\t\t\t\t\t\t\t<div class=\"elementor-social-icons-wrapper elementor-grid\" role=\"list\">\n\t\t\t\t\t\t\t<span class=\"elementor-grid-item\" role=\"listitem\">\n\t\t\t\t\t<a class=\"elementor-icon elementor-social-icon elementor-social-icon-tiktok elementor-repeater-item-219c70b\" href=\"https:\/\/www.tiktok.com\/discover\/ira-huumonen\" target=\"_blank\">\n\t\t\t\t\t\t<span class=\"elementor-screen-only\">Tiktok<\/span>\n\t\t\t\t\t\t<svg aria-hidden=\"true\" class=\"e-font-icon-svg e-fab-tiktok\" viewBox=\"0 0 448 512\" xmlns=\"http:\/\/www.w3.org\/2000\/svg\"><path d=\"M448,209.91a210.06,210.06,0,0,1-122.77-39.25V349.38A162.55,162.55,0,1,1,185,188.31V278.2a74.62,74.62,0,1,0,52.23,71.18V0l88,0a121.18,121.18,0,0,0,1.86,22.17h0A122.18,122.18,0,0,0,381,102.39a121.43,121.43,0,0,0,67,20.14Z\"><\/path><\/svg>\t\t\t\t\t<\/a>\n\t\t\t\t<\/span>\n\t\t\t\t\t\t\t<span class=\"elementor-grid-item\" role=\"listitem\">\n\t\t\t\t\t<a class=\"elementor-icon elementor-social-icon elementor-social-icon-instagram elementor-repeater-item-5fb07be\" href=\"https:\/\/www.instagram.com\/irahuumonen\/\" target=\"_blank\">\n\t\t\t\t\t\t<span class=\"elementor-screen-only\">Instagram<\/span>\n\t\t\t\t\t\t<svg aria-hidden=\"true\" class=\"e-font-icon-svg e-fab-instagram\" viewBox=\"0 0 448 512\" xmlns=\"http:\/\/www.w3.org\/2000\/svg\"><path d=\"M224.1 141c-63.6 0-114.9 51.3-114.9 114.9s51.3 114.9 114.9 114.9S339 319.5 339 255.9 287.7 141 224.1 141zm0 189.6c-41.1 0-74.7-33.5-74.7-74.7s33.5-74.7 74.7-74.7 74.7 33.5 74.7 74.7-33.6 74.7-74.7 74.7zm146.4-194.3c0 14.9-12 26.8-26.8 26.8-14.9 0-26.8-12-26.8-26.8s12-26.8 26.8-26.8 26.8 12 26.8 26.8zm76.1 27.2c-1.7-35.9-9.9-67.7-36.2-93.9-26.2-26.2-58-34.4-93.9-36.2-37-2.1-147.9-2.1-184.9 0-35.8 1.7-67.6 9.9-93.9 36.1s-34.4 58-36.2 93.9c-2.1 37-2.1 147.9 0 184.9 1.7 35.9 9.9 67.7 36.2 93.9s58 34.4 93.9 36.2c37 2.1 147.9 2.1 184.9 0 35.9-1.7 67.7-9.9 93.9-36.2 26.2-26.2 34.4-58 36.2-93.9 2.1-37 2.1-147.8 0-184.8zM398.8 388c-7.8 19.6-22.9 34.7-42.6 42.6-29.5 11.7-99.5 9-132.1 9s-102.7 2.6-132.1-9c-19.6-7.8-34.7-22.9-42.6-42.6-11.7-29.5-9-99.5-9-132.1s-2.6-102.7 9-132.1c7.8-19.6 22.9-34.7 42.6-42.6 29.5-11.7 99.5-9 132.1-9s102.7-2.6 132.1 9c19.6 7.8 34.7 22.9 42.6 42.6 11.7 29.5 9 99.5 9 132.1s2.7 102.7-9 132.1z\"><\/path><\/svg>\t\t\t\t\t<\/a>\n\t\t\t\t<\/span>\n\t\t\t\t\t<\/div>\n\t\t\t\t\t\t<\/div>\n\t\t\t\t\t<\/div>\n\t\t\t\t<\/div>\n\t\t\t\t<\/div>\n\t\t","protected":false},"excerpt":{"rendered":"<p>IRA HUUMONEN Some-ammattilainen &amp; sis\u00e4ll\u00f6ntuottaja Mit\u00e4 voin tarjota sulle? Sis\u00e4ll\u00f6n suunnittelu, tuotanto ja julkaisu Graafista suunnittelua Verkkosivujen teko\/p\u00e4ivitys Minusta Olen sosiaalisen median asiantuntija ja sis\u00e4ll\u00f6ntuottaja, joka keskittyy erityisesti Instagram- ja TikTok-sis\u00e4lt\u00f6ihin. Vastaan sosiaalisen median sis\u00e4ll\u00f6ist\u00e4 kokonaisvaltaisesti: ideoin toteutan ja ajastan julkaisut k\u00e4ytt\u00e4en ty\u00f6kaluja kuten Meta Business Suite varmistaakseni julkaisurytmin sek\u00e4 tehokkaan sis\u00e4ll\u00f6nhallinnan. \u00a0 Opiskelen audiovisuaalista&hellip; <a class=\"more-link\" href=\"https:\/\/shop.stadinao.eu\/RYHMAT\/2026_kevat\/Huumonen\/\">Continue reading <span class=\"screen-reader-text\">Sivu1<\/span><\/a><\/p>\n","protected":false},"author":1,"featured_media":0,"parent":0,"menu_order":0,"comment_status":"closed","ping_status":"closed","template":"","meta":{"pagelayer_contact_templates":[],"_pagelayer_content":"","footnotes":""},"class_list":["post-7","page","type-page","status-publish","hentry","entry"],"_links":{"self":[{"href":"https:\/\/shop.stadinao.eu\/RYHMAT\/2026_kevat\/Huumonen\/wp-json\/wp\/v2\/pages\/7","targetHints":{"allow":["GET"]}}],"collection":[{"href":"https:\/\/shop.stadinao.eu\/RYHMAT\/2026_kevat\/Huumonen\/wp-json\/wp\/v2\/pages"}],"about":[{"href":"https:\/\/shop.stadinao.eu\/RYHMAT\/2026_kevat\/Huumonen\/wp-json\/wp\/v2\/types\/page"}],"author":[{"embeddable":true,"href":"https:\/\/shop.stadinao.eu\/RYHMAT\/2026_kevat\/Huumonen\/wp-json\/wp\/v2\/users\/1"}],"replies":[{"embeddable":true,"href":"https:\/\/shop.stadinao.eu\/RYHMAT\/2026_kevat\/Huumonen\/wp-json\/wp\/v2\/comments?post=7"}],"version-history":[{"count":50,"href":"https:\/\/shop.stadinao.eu\/RYHMAT\/2026_kevat\/Huumonen\/wp-json\/wp\/v2\/pages\/7\/revisions"}],"predecessor-version":[{"id":90,"href":"https:\/\/shop.stadinao.eu\/RYHMAT\/2026_kevat\/Huumonen\/wp-json\/wp\/v2\/pages\/7\/revisions\/90"}],"wp:attachment":[{"href":"https:\/\/shop.stadinao.eu\/RYHMAT\/2026_kevat\/Huumonen\/wp-json\/wp\/v2\/media?parent=7"}],"curies":[{"name":"wp","href":"https:\/\/api.w.org\/{rel}","templated":true}]}}