{"id":1502,"date":"2026-03-06T08:24:31","date_gmt":"2026-03-06T08:24:31","guid":{"rendered":"https:\/\/shop.stadinao.eu\/RYHMAT\/2026_kevat\/Halych\/?post_type=product&#038;p=1502"},"modified":"2026-03-06T08:27:13","modified_gmt":"2026-03-06T08:27:13","slug":"rahkapiirakat","status":"publish","type":"product","link":"https:\/\/shop.stadinao.eu\/RYHMAT\/2026_kevat\/Halych\/product\/rahkapiirakat\/","title":{"rendered":"Rahkapiirakat"},"content":{"rendered":"<p><img fetchpriority=\"high\" decoding=\"async\" class=\"alignnone size-medium wp-image-1099\" src=\"https:\/\/shop.stadinao.eu\/RYHMAT\/2026_kevat\/Halych\/wp-content\/uploads\/2026\/03\/sirnikit-225x300.jpg\" alt=\"\" width=\"225\" height=\"300\" srcset=\"https:\/\/shop.stadinao.eu\/RYHMAT\/2026_kevat\/Halych\/wp-content\/uploads\/2026\/03\/sirnikit-225x300.jpg 225w, https:\/\/shop.stadinao.eu\/RYHMAT\/2026_kevat\/Halych\/wp-content\/uploads\/2026\/03\/sirnikit-768x1024.jpg 768w, https:\/\/shop.stadinao.eu\/RYHMAT\/2026_kevat\/Halych\/wp-content\/uploads\/2026\/03\/sirnikit-1152x1536.jpg 1152w, https:\/\/shop.stadinao.eu\/RYHMAT\/2026_kevat\/Halych\/wp-content\/uploads\/2026\/03\/sirnikit-600x800.jpg 600w, https:\/\/shop.stadinao.eu\/RYHMAT\/2026_kevat\/Halych\/wp-content\/uploads\/2026\/03\/sirnikit.jpg 1536w\" sizes=\"(max-width: 225px) 100vw, 225px\" \/><\/p>\n","protected":false},"excerpt":{"rendered":"<p><strong>Ainesosat: tuorejuusto, vehn\u00e4jauho, kananmuna, mannasuurimot, sokeri,suola.<\/strong><\/p>\n<p dir=\"ltr\">Valmistus:<\/p>\n<p dir=\"ltr\">Kuumenna paistinpannu keskil\u00e4mm\u00f6ll\u00e4, lis\u00e4\u00e4 voi ja aseta juustopallot pannulle.Paista kunnes ne saavat kullanruskean pinnan(5-7minuuttia molemmilta puolilta).K\u00e4\u00e4nn\u00e4 varmistaaksesi tasaisen paistumisen.Nosta sitten juustopallot talouspaperin p\u00e4\u00e4lle ylim\u00e4\u00e4r\u00e4isen rasvan poistamiseksi.<\/p>\n","protected":false},"featured_media":1099,"comment_status":"open","ping_status":"closed","template":"","meta":{"pagelayer_contact_templates":[],"_pagelayer_content":""},"product_brand":[],"product_cat":[20],"product_tag":[],"class_list":{"0":"post-1502","1":"product","2":"type-product","3":"status-publish","4":"has-post-thumbnail","6":"product_cat-rahkapiirakat","7":"entry","9":"first","10":"instock","11":"shipping-taxable","12":"purchasable","13":"product-type-simple"},"_links":{"self":[{"href":"https:\/\/shop.stadinao.eu\/RYHMAT\/2026_kevat\/Halych\/wp-json\/wp\/v2\/product\/1502","targetHints":{"allow":["GET"]}}],"collection":[{"href":"https:\/\/shop.stadinao.eu\/RYHMAT\/2026_kevat\/Halych\/wp-json\/wp\/v2\/product"}],"about":[{"href":"https:\/\/shop.stadinao.eu\/RYHMAT\/2026_kevat\/Halych\/wp-json\/wp\/v2\/types\/product"}],"replies":[{"embeddable":true,"href":"https:\/\/shop.stadinao.eu\/RYHMAT\/2026_kevat\/Halych\/wp-json\/wp\/v2\/comments?post=1502"}],"wp:featuredmedia":[{"embeddable":true,"href":"https:\/\/shop.stadinao.eu\/RYHMAT\/2026_kevat\/Halych\/wp-json\/wp\/v2\/media\/1099"}],"wp:attachment":[{"href":"https:\/\/shop.stadinao.eu\/RYHMAT\/2026_kevat\/Halych\/wp-json\/wp\/v2\/media?parent=1502"}],"wp:term":[{"taxonomy":"product_brand","embeddable":true,"href":"https:\/\/shop.stadinao.eu\/RYHMAT\/2026_kevat\/Halych\/wp-json\/wp\/v2\/product_brand?post=1502"},{"taxonomy":"product_cat","embeddable":true,"href":"https:\/\/shop.stadinao.eu\/RYHMAT\/2026_kevat\/Halych\/wp-json\/wp\/v2\/product_cat?post=1502"},{"taxonomy":"product_tag","embeddable":true,"href":"https:\/\/shop.stadinao.eu\/RYHMAT\/2026_kevat\/Halych\/wp-json\/wp\/v2\/product_tag?post=1502"}],"curies":[{"name":"wp","href":"https:\/\/api.w.org\/{rel}","templated":true}]}}