{"id":1493,"date":"2026-03-06T08:16:14","date_gmt":"2026-03-06T08:16:14","guid":{"rendered":"https:\/\/shop.stadinao.eu\/RYHMAT\/2026_kevat\/Halych\/?post_type=product&#038;p=1493"},"modified":"2026-03-06T08:17:37","modified_gmt":"2026-03-06T08:17:37","slug":"kaalikaaryleet-nauta","status":"publish","type":"product","link":"https:\/\/shop.stadinao.eu\/RYHMAT\/2026_kevat\/Halych\/product\/kaalikaaryleet-nauta\/","title":{"rendered":"Kaalik\u00e4\u00e4ryleet nauta"},"content":{"rendered":"<p><img fetchpriority=\"high\" decoding=\"async\" class=\"alignnone size-medium wp-image-1083\" src=\"https:\/\/shop.stadinao.eu\/RYHMAT\/2026_kevat\/Halych\/wp-content\/uploads\/2026\/03\/golubtsu-228x300.jpg\" alt=\"\" width=\"228\" height=\"300\" srcset=\"https:\/\/shop.stadinao.eu\/RYHMAT\/2026_kevat\/Halych\/wp-content\/uploads\/2026\/03\/golubtsu-228x300.jpg 228w, https:\/\/shop.stadinao.eu\/RYHMAT\/2026_kevat\/Halych\/wp-content\/uploads\/2026\/03\/golubtsu-779x1024.jpg 779w, https:\/\/shop.stadinao.eu\/RYHMAT\/2026_kevat\/Halych\/wp-content\/uploads\/2026\/03\/golubtsu-768x1010.jpg 768w, https:\/\/shop.stadinao.eu\/RYHMAT\/2026_kevat\/Halych\/wp-content\/uploads\/2026\/03\/golubtsu-1168x1536.jpg 1168w, https:\/\/shop.stadinao.eu\/RYHMAT\/2026_kevat\/Halych\/wp-content\/uploads\/2026\/03\/golubtsu-600x789.jpg 600w, https:\/\/shop.stadinao.eu\/RYHMAT\/2026_kevat\/Halych\/wp-content\/uploads\/2026\/03\/golubtsu.jpg 1557w\" sizes=\"(max-width: 228px) 100vw, 228px\" \/><\/p>\n","protected":false},"excerpt":{"rendered":"<p><strong>T\u00e4yte: hapankaali, naudanjauheliha, sipuli, suola, mustapippuri,porkkana, riisi.<\/strong><\/p>\n<p dir=\"ltr\">Valmistus:<\/p>\n<p dir=\"ltr\">Pane kaalik\u00e4\u00e4ryleet kattilaan, kaada p\u00e4\u00e4lle tomaatti- tai kermakastiketta, hauduta 30-40 minuuttia keskil\u00e4mm\u00f6ll\u00e4.<\/p>\n","protected":false},"featured_media":1083,"comment_status":"open","ping_status":"closed","template":"","meta":{"pagelayer_contact_templates":[],"_pagelayer_content":""},"product_brand":[],"product_cat":[22],"product_tag":[],"class_list":{"0":"post-1493","1":"product","2":"type-product","3":"status-publish","4":"has-post-thumbnail","6":"product_cat-kaalikaaryleet","7":"entry","9":"first","10":"instock","11":"shipping-taxable","12":"purchasable","13":"product-type-simple"},"_links":{"self":[{"href":"https:\/\/shop.stadinao.eu\/RYHMAT\/2026_kevat\/Halych\/wp-json\/wp\/v2\/product\/1493","targetHints":{"allow":["GET"]}}],"collection":[{"href":"https:\/\/shop.stadinao.eu\/RYHMAT\/2026_kevat\/Halych\/wp-json\/wp\/v2\/product"}],"about":[{"href":"https:\/\/shop.stadinao.eu\/RYHMAT\/2026_kevat\/Halych\/wp-json\/wp\/v2\/types\/product"}],"replies":[{"embeddable":true,"href":"https:\/\/shop.stadinao.eu\/RYHMAT\/2026_kevat\/Halych\/wp-json\/wp\/v2\/comments?post=1493"}],"wp:featuredmedia":[{"embeddable":true,"href":"https:\/\/shop.stadinao.eu\/RYHMAT\/2026_kevat\/Halych\/wp-json\/wp\/v2\/media\/1083"}],"wp:attachment":[{"href":"https:\/\/shop.stadinao.eu\/RYHMAT\/2026_kevat\/Halych\/wp-json\/wp\/v2\/media?parent=1493"}],"wp:term":[{"taxonomy":"product_brand","embeddable":true,"href":"https:\/\/shop.stadinao.eu\/RYHMAT\/2026_kevat\/Halych\/wp-json\/wp\/v2\/product_brand?post=1493"},{"taxonomy":"product_cat","embeddable":true,"href":"https:\/\/shop.stadinao.eu\/RYHMAT\/2026_kevat\/Halych\/wp-json\/wp\/v2\/product_cat?post=1493"},{"taxonomy":"product_tag","embeddable":true,"href":"https:\/\/shop.stadinao.eu\/RYHMAT\/2026_kevat\/Halych\/wp-json\/wp\/v2\/product_tag?post=1493"}],"curies":[{"name":"wp","href":"https:\/\/api.w.org\/{rel}","templated":true}]}}