{"id":1116,"date":"2026-03-04T09:19:17","date_gmt":"2026-03-04T09:19:17","guid":{"rendered":"https:\/\/shop.stadinao.eu\/RYHMAT\/2026_kevat\/Halych\/?post_type=product&#038;p=1116"},"modified":"2026-03-04T09:19:17","modified_gmt":"2026-03-04T09:19:17","slug":"pelmenit-nauta","status":"publish","type":"product","link":"https:\/\/shop.stadinao.eu\/RYHMAT\/2026_kevat\/Halych\/product\/pelmenit-nauta\/","title":{"rendered":"Pelmenit nauta"},"content":{"rendered":"<p><img fetchpriority=\"high\" decoding=\"async\" class=\"alignnone size-medium wp-image-1091\" src=\"https:\/\/shop.stadinao.eu\/RYHMAT\/2026_kevat\/Halych\/wp-content\/uploads\/2026\/03\/pelmenit_2-240x300.jpg\" alt=\"\" width=\"240\" height=\"300\" srcset=\"https:\/\/shop.stadinao.eu\/RYHMAT\/2026_kevat\/Halych\/wp-content\/uploads\/2026\/03\/pelmenit_2-240x300.jpg 240w, https:\/\/shop.stadinao.eu\/RYHMAT\/2026_kevat\/Halych\/wp-content\/uploads\/2026\/03\/pelmenit_2-819x1024.jpg 819w, https:\/\/shop.stadinao.eu\/RYHMAT\/2026_kevat\/Halych\/wp-content\/uploads\/2026\/03\/pelmenit_2-768x960.jpg 768w, https:\/\/shop.stadinao.eu\/RYHMAT\/2026_kevat\/Halych\/wp-content\/uploads\/2026\/03\/pelmenit_2-1229x1536.jpg 1229w, https:\/\/shop.stadinao.eu\/RYHMAT\/2026_kevat\/Halych\/wp-content\/uploads\/2026\/03\/pelmenit_2-600x750.jpg 600w, https:\/\/shop.stadinao.eu\/RYHMAT\/2026_kevat\/Halych\/wp-content\/uploads\/2026\/03\/pelmenit_2.jpg 1440w\" sizes=\"(max-width: 240px) 100vw, 240px\" \/><\/p>\n","protected":false},"excerpt":{"rendered":"<p dir=\"ltr\">Ainesosat: vehn\u00e4jauho, vesi,kananmuna, auringonkukka\u00f6ljy, suola.<\/p>\n<p><strong>T\u00e4yte: naudanjauheliha,sipuli, valkosipuli, suola, mustapippuri.<\/strong><\/p>\n<p dir=\"ltr\">Valmistus:<\/p>\n<p dir=\"ltr\">(10 g suolaa \/ 1 l vett\u00e4) suhteessa 1:4 puolivalmiita tuotteita ja vett\u00e4. Keit\u00e4 2-4 minuuttia sen j\u00e4lkeen, kun pelmenit on nousseet pintaan.<\/p>\n<p dir=\"ltr\">Sulatus ja uudelleen pakastaminen ei ole sallittua.<\/p>\n","protected":false},"featured_media":1091,"comment_status":"open","ping_status":"closed","template":"","meta":{"pagelayer_contact_templates":[],"_pagelayer_content":""},"product_brand":[],"product_cat":[25],"product_tag":[],"class_list":{"0":"post-1116","1":"product","2":"type-product","3":"status-publish","4":"has-post-thumbnail","6":"product_cat-pelmenit-mantit-ja-khinkalit","7":"entry","9":"first","10":"instock","11":"shipping-taxable","12":"purchasable","13":"product-type-simple"},"_links":{"self":[{"href":"https:\/\/shop.stadinao.eu\/RYHMAT\/2026_kevat\/Halych\/wp-json\/wp\/v2\/product\/1116","targetHints":{"allow":["GET"]}}],"collection":[{"href":"https:\/\/shop.stadinao.eu\/RYHMAT\/2026_kevat\/Halych\/wp-json\/wp\/v2\/product"}],"about":[{"href":"https:\/\/shop.stadinao.eu\/RYHMAT\/2026_kevat\/Halych\/wp-json\/wp\/v2\/types\/product"}],"replies":[{"embeddable":true,"href":"https:\/\/shop.stadinao.eu\/RYHMAT\/2026_kevat\/Halych\/wp-json\/wp\/v2\/comments?post=1116"}],"wp:featuredmedia":[{"embeddable":true,"href":"https:\/\/shop.stadinao.eu\/RYHMAT\/2026_kevat\/Halych\/wp-json\/wp\/v2\/media\/1091"}],"wp:attachment":[{"href":"https:\/\/shop.stadinao.eu\/RYHMAT\/2026_kevat\/Halych\/wp-json\/wp\/v2\/media?parent=1116"}],"wp:term":[{"taxonomy":"product_brand","embeddable":true,"href":"https:\/\/shop.stadinao.eu\/RYHMAT\/2026_kevat\/Halych\/wp-json\/wp\/v2\/product_brand?post=1116"},{"taxonomy":"product_cat","embeddable":true,"href":"https:\/\/shop.stadinao.eu\/RYHMAT\/2026_kevat\/Halych\/wp-json\/wp\/v2\/product_cat?post=1116"},{"taxonomy":"product_tag","embeddable":true,"href":"https:\/\/shop.stadinao.eu\/RYHMAT\/2026_kevat\/Halych\/wp-json\/wp\/v2\/product_tag?post=1116"}],"curies":[{"name":"wp","href":"https:\/\/api.w.org\/{rel}","templated":true}]}}