{"id":1103,"date":"2026-03-04T08:59:12","date_gmt":"2026-03-04T08:59:12","guid":{"rendered":"https:\/\/shop.stadinao.eu\/RYHMAT\/2026_kevat\/Halych\/?post_type=product&#038;p=1103"},"modified":"2026-03-04T08:59:12","modified_gmt":"2026-03-04T08:59:12","slug":"varenikit-valkokaali","status":"publish","type":"product","link":"https:\/\/shop.stadinao.eu\/RYHMAT\/2026_kevat\/Halych\/product\/varenikit-valkokaali\/","title":{"rendered":"Varenikit valkokaali"},"content":{"rendered":"<p><img fetchpriority=\"high\" decoding=\"async\" class=\"alignnone size-medium wp-image-1106\" src=\"https:\/\/shop.stadinao.eu\/RYHMAT\/2026_kevat\/Halych\/wp-content\/uploads\/2026\/03\/varenikit_valkokaali-300x300.webp\" alt=\"\" width=\"300\" height=\"300\" srcset=\"https:\/\/shop.stadinao.eu\/RYHMAT\/2026_kevat\/Halych\/wp-content\/uploads\/2026\/03\/varenikit_valkokaali-300x300.webp 300w, https:\/\/shop.stadinao.eu\/RYHMAT\/2026_kevat\/Halych\/wp-content\/uploads\/2026\/03\/varenikit_valkokaali-1024x1024.webp 1024w, https:\/\/shop.stadinao.eu\/RYHMAT\/2026_kevat\/Halych\/wp-content\/uploads\/2026\/03\/varenikit_valkokaali-150x150.webp 150w, https:\/\/shop.stadinao.eu\/RYHMAT\/2026_kevat\/Halych\/wp-content\/uploads\/2026\/03\/varenikit_valkokaali-768x768.webp 768w, https:\/\/shop.stadinao.eu\/RYHMAT\/2026_kevat\/Halych\/wp-content\/uploads\/2026\/03\/varenikit_valkokaali-450x450.webp 450w, https:\/\/shop.stadinao.eu\/RYHMAT\/2026_kevat\/Halych\/wp-content\/uploads\/2026\/03\/varenikit_valkokaali-600x600.webp 600w, https:\/\/shop.stadinao.eu\/RYHMAT\/2026_kevat\/Halych\/wp-content\/uploads\/2026\/03\/varenikit_valkokaali-100x100.webp 100w, https:\/\/shop.stadinao.eu\/RYHMAT\/2026_kevat\/Halych\/wp-content\/uploads\/2026\/03\/varenikit_valkokaali.webp 1088w\" sizes=\"(max-width: 300px) 100vw, 300px\" \/><\/p>\n","protected":false},"excerpt":{"rendered":"<p dir=\"ltr\">Ainekset: vehn\u00e4jauho, vesi, kananmuna, auringonkukka\u00f6ljy, suola.<\/p>\n<p dir=\"ltr\">T\u00e4yte: valkokaali, sipuli (paistettu), porkkana, suola, mustapippuri.<\/p>\n<p dir=\"ltr\">Valmistus:<\/p>\n<p dir=\"ltr\">(10 g suolaa \/ 1 l vett\u00e4) suhteessa 1:4 puolivalmiita tuotteita ja vett\u00e4. Keit\u00e4 2-4 minuuttia sen j\u00e4lkeen kun varenikit on nousseet pintaan.<\/p>\n","protected":false},"featured_media":1106,"comment_status":"open","ping_status":"closed","template":"","meta":{"pagelayer_contact_templates":[],"_pagelayer_content":""},"product_brand":[],"product_cat":[17],"product_tag":[],"class_list":{"0":"post-1103","1":"product","2":"type-product","3":"status-publish","4":"has-post-thumbnail","6":"product_cat-varenikit","7":"entry","9":"first","10":"instock","11":"shipping-taxable","12":"purchasable","13":"product-type-simple"},"_links":{"self":[{"href":"https:\/\/shop.stadinao.eu\/RYHMAT\/2026_kevat\/Halych\/wp-json\/wp\/v2\/product\/1103","targetHints":{"allow":["GET"]}}],"collection":[{"href":"https:\/\/shop.stadinao.eu\/RYHMAT\/2026_kevat\/Halych\/wp-json\/wp\/v2\/product"}],"about":[{"href":"https:\/\/shop.stadinao.eu\/RYHMAT\/2026_kevat\/Halych\/wp-json\/wp\/v2\/types\/product"}],"replies":[{"embeddable":true,"href":"https:\/\/shop.stadinao.eu\/RYHMAT\/2026_kevat\/Halych\/wp-json\/wp\/v2\/comments?post=1103"}],"wp:featuredmedia":[{"embeddable":true,"href":"https:\/\/shop.stadinao.eu\/RYHMAT\/2026_kevat\/Halych\/wp-json\/wp\/v2\/media\/1106"}],"wp:attachment":[{"href":"https:\/\/shop.stadinao.eu\/RYHMAT\/2026_kevat\/Halych\/wp-json\/wp\/v2\/media?parent=1103"}],"wp:term":[{"taxonomy":"product_brand","embeddable":true,"href":"https:\/\/shop.stadinao.eu\/RYHMAT\/2026_kevat\/Halych\/wp-json\/wp\/v2\/product_brand?post=1103"},{"taxonomy":"product_cat","embeddable":true,"href":"https:\/\/shop.stadinao.eu\/RYHMAT\/2026_kevat\/Halych\/wp-json\/wp\/v2\/product_cat?post=1103"},{"taxonomy":"product_tag","embeddable":true,"href":"https:\/\/shop.stadinao.eu\/RYHMAT\/2026_kevat\/Halych\/wp-json\/wp\/v2\/product_tag?post=1103"}],"curies":[{"name":"wp","href":"https:\/\/api.w.org\/{rel}","templated":true}]}}