{"id":1071,"date":"2026-03-04T07:57:09","date_gmt":"2026-03-04T07:57:09","guid":{"rendered":"https:\/\/shop.stadinao.eu\/RYHMAT\/2026_kevat\/Halych\/?post_type=product&#038;p=1071"},"modified":"2026-03-04T08:47:32","modified_gmt":"2026-03-04T08:47:32","slug":"varenikit-perunoiden-ja-sienien-kanssa-2","status":"publish","type":"product","link":"https:\/\/shop.stadinao.eu\/RYHMAT\/2026_kevat\/Halych\/product\/varenikit-perunoiden-ja-sienien-kanssa-2\/","title":{"rendered":"Varenikit perunoiden ja sienien kanssa"},"content":{"rendered":"<p><img fetchpriority=\"high\" decoding=\"async\" class=\"alignnone size-medium wp-image-854\" src=\"https:\/\/shop.stadinao.eu\/RYHMAT\/2026_kevat\/Halych\/wp-content\/uploads\/2026\/02\/FB_IMG_1769070256699-300x300.jpg\" alt=\"\" width=\"300\" height=\"300\" srcset=\"https:\/\/shop.stadinao.eu\/RYHMAT\/2026_kevat\/Halych\/wp-content\/uploads\/2026\/02\/FB_IMG_1769070256699-300x300.jpg 300w, https:\/\/shop.stadinao.eu\/RYHMAT\/2026_kevat\/Halych\/wp-content\/uploads\/2026\/02\/FB_IMG_1769070256699-450x450.jpg 450w, https:\/\/shop.stadinao.eu\/RYHMAT\/2026_kevat\/Halych\/wp-content\/uploads\/2026\/02\/FB_IMG_1769070256699-100x100.jpg 100w, https:\/\/shop.stadinao.eu\/RYHMAT\/2026_kevat\/Halych\/wp-content\/uploads\/2026\/02\/FB_IMG_1769070256699-600x600.jpg 600w, https:\/\/shop.stadinao.eu\/RYHMAT\/2026_kevat\/Halych\/wp-content\/uploads\/2026\/02\/FB_IMG_1769070256699-1024x1024.jpg 1024w, https:\/\/shop.stadinao.eu\/RYHMAT\/2026_kevat\/Halych\/wp-content\/uploads\/2026\/02\/FB_IMG_1769070256699-150x150.jpg 150w, https:\/\/shop.stadinao.eu\/RYHMAT\/2026_kevat\/Halych\/wp-content\/uploads\/2026\/02\/FB_IMG_1769070256699-768x768.jpg 768w, https:\/\/shop.stadinao.eu\/RYHMAT\/2026_kevat\/Halych\/wp-content\/uploads\/2026\/02\/elementor\/thumbs\/FB_IMG_1769070256699-rjnzi5fuktjkktnbf9ankgppsgwjre7woywxolqlcw.jpg 400w, https:\/\/shop.stadinao.eu\/RYHMAT\/2026_kevat\/Halych\/wp-content\/uploads\/2026\/02\/FB_IMG_1769070256699.jpg 1080w\" sizes=\"(max-width: 300px) 100vw, 300px\" \/><\/p>\n","protected":false},"excerpt":{"rendered":"<p dir=\"ltr\">Ainesosat: vehn\u00e4jauho, vesi, kananmuna, auringonkukka\u00f6ljy, suola.<\/p>\n<p dir=\"ltr\">T\u00e4yte: peruna, herkkusieni, sipuli (paistettu),suola, mustapippuri.<\/p>\n<p dir=\"ltr\">Valmistus:<\/p>\n<p dir=\"ltr\">(10 g suolaa \/ 1 litra vett\u00e4) suhteessa 1:4 puolivalmiita tuotteita ja vett\u00e4. Keit\u00e4 2-4 minuuttia sen j\u00e4lkeen kun varenikit on nousseet pintaan.<\/p>\n","protected":false},"featured_media":854,"comment_status":"open","ping_status":"closed","template":"","meta":{"pagelayer_contact_templates":[],"_pagelayer_content":""},"product_brand":[],"product_cat":[17],"product_tag":[],"class_list":{"0":"post-1071","1":"product","2":"type-product","3":"status-publish","4":"has-post-thumbnail","6":"product_cat-varenikit","7":"entry","9":"first","10":"instock","11":"shipping-taxable","12":"purchasable","13":"product-type-simple"},"_links":{"self":[{"href":"https:\/\/shop.stadinao.eu\/RYHMAT\/2026_kevat\/Halych\/wp-json\/wp\/v2\/product\/1071","targetHints":{"allow":["GET"]}}],"collection":[{"href":"https:\/\/shop.stadinao.eu\/RYHMAT\/2026_kevat\/Halych\/wp-json\/wp\/v2\/product"}],"about":[{"href":"https:\/\/shop.stadinao.eu\/RYHMAT\/2026_kevat\/Halych\/wp-json\/wp\/v2\/types\/product"}],"replies":[{"embeddable":true,"href":"https:\/\/shop.stadinao.eu\/RYHMAT\/2026_kevat\/Halych\/wp-json\/wp\/v2\/comments?post=1071"}],"wp:featuredmedia":[{"embeddable":true,"href":"https:\/\/shop.stadinao.eu\/RYHMAT\/2026_kevat\/Halych\/wp-json\/wp\/v2\/media\/854"}],"wp:attachment":[{"href":"https:\/\/shop.stadinao.eu\/RYHMAT\/2026_kevat\/Halych\/wp-json\/wp\/v2\/media?parent=1071"}],"wp:term":[{"taxonomy":"product_brand","embeddable":true,"href":"https:\/\/shop.stadinao.eu\/RYHMAT\/2026_kevat\/Halych\/wp-json\/wp\/v2\/product_brand?post=1071"},{"taxonomy":"product_cat","embeddable":true,"href":"https:\/\/shop.stadinao.eu\/RYHMAT\/2026_kevat\/Halych\/wp-json\/wp\/v2\/product_cat?post=1071"},{"taxonomy":"product_tag","embeddable":true,"href":"https:\/\/shop.stadinao.eu\/RYHMAT\/2026_kevat\/Halych\/wp-json\/wp\/v2\/product_tag?post=1071"}],"curies":[{"name":"wp","href":"https:\/\/api.w.org\/{rel}","templated":true}]}}