{"id":682,"date":"2026-02-24T19:11:39","date_gmt":"2026-02-24T19:11:39","guid":{"rendered":"https:\/\/shop.stadinao.eu\/RYHMAT\/2026_kevat\/Halych\/?page_id=682"},"modified":"2026-03-12T13:53:33","modified_gmt":"2026-03-12T13:53:33","slug":"meista","status":"publish","type":"page","link":"https:\/\/shop.stadinao.eu\/RYHMAT\/2026_kevat\/Halych\/meista\/","title":{"rendered":"Meista"},"content":{"rendered":"\t\t<div data-elementor-type=\"wp-page\" data-elementor-id=\"682\" class=\"elementor elementor-682\">\n\t\t\t\t<div class=\"elementor-element elementor-element-4314f37 e-flex e-con-boxed e-con e-parent\" data-id=\"4314f37\" data-element_type=\"container\">\n\t\t\t\t\t<div class=\"e-con-inner\">\n\t\t<div class=\"elementor-element elementor-element-c3d6c73 e-con-full e-flex e-con e-child\" data-id=\"c3d6c73\" data-element_type=\"container\">\n\t\t\t\t<div class=\"elementor-element elementor-element-e03dc4d elementor-widget elementor-widget-image\" data-id=\"e03dc4d\" data-element_type=\"widget\" data-widget_type=\"image.default\">\n\t\t\t\t\t\t\t\t\t\t\t\t\t\t\t<img fetchpriority=\"high\" decoding=\"async\" width=\"1536\" height=\"2048\" src=\"https:\/\/shop.stadinao.eu\/RYHMAT\/2026_kevat\/Halych\/wp-content\/uploads\/2026\/02\/omakuva.jpg\" class=\"attachment-full size-full wp-image-683\" alt=\"\" srcset=\"https:\/\/shop.stadinao.eu\/RYHMAT\/2026_kevat\/Halych\/wp-content\/uploads\/2026\/02\/omakuva.jpg 1536w, https:\/\/shop.stadinao.eu\/RYHMAT\/2026_kevat\/Halych\/wp-content\/uploads\/2026\/02\/omakuva-600x800.jpg 600w, https:\/\/shop.stadinao.eu\/RYHMAT\/2026_kevat\/Halych\/wp-content\/uploads\/2026\/02\/omakuva-225x300.jpg 225w, https:\/\/shop.stadinao.eu\/RYHMAT\/2026_kevat\/Halych\/wp-content\/uploads\/2026\/02\/omakuva-768x1024.jpg 768w, https:\/\/shop.stadinao.eu\/RYHMAT\/2026_kevat\/Halych\/wp-content\/uploads\/2026\/02\/omakuva-1152x1536.jpg 1152w\" sizes=\"(max-width: 1536px) 100vw, 1536px\" style=\"width:100%;height:133.33%;max-width:1536px\" \/>\t\t\t\t\t\t\t\t\t\t\t\t\t\t\t<\/div>\n\t\t\t\t<\/div>\n\t\t<div class=\"elementor-element elementor-element-5c8ece4 e-con-full e-flex e-con e-child\" data-id=\"5c8ece4\" data-element_type=\"container\">\n\t\t<div class=\"elementor-element elementor-element-7c6c0eb e-flex e-con-boxed e-con e-child\" data-id=\"7c6c0eb\" data-element_type=\"container\">\n\t\t\t\t\t<div class=\"e-con-inner\">\n\t\t\t\t<div class=\"elementor-element elementor-element-87d2576 elementor-widget elementor-widget-text-editor\" data-id=\"87d2576\" data-element_type=\"widget\" data-widget_type=\"text-editor.default\">\n\t\t\t\t\t\t\t\t\t<p><strong>Kaikki alkoi harrastuksesta<\/strong><\/p>\t\t\t\t\t\t\t\t<\/div>\n\t\t\t\t\t<\/div>\n\t\t\t\t<\/div>\n\t\t<div class=\"elementor-element elementor-element-15e3a20 e-flex e-con-boxed e-con e-child\" data-id=\"15e3a20\" data-element_type=\"container\">\n\t\t\t\t\t<div class=\"e-con-inner\">\n\t\t\t\t<div class=\"elementor-element elementor-element-682563f elementor-widget elementor-widget-text-editor\" data-id=\"682563f\" data-element_type=\"widget\" data-widget_type=\"text-editor.default\">\n\t\t\t\t\t\t\t\t\t<p>Kaikki alkoi vanhasta harrastuksestani &#8211; ruoanlaitosta. Olen aina nauttinut keitti\u00f6ss\u00e4 kokeilemisesta, uusien reseptien luomisesta ja l\u00e4heisteni yll\u00e4tt\u00e4misest\u00e4 herkullisilla ruoilla. Er\u00e4\u00e4n\u00e4 p\u00e4iv\u00e4n\u00e4 valmistaessani ruokia perinteisen perheen reseptin mukaan, p\u00e4\u00e4tin jakaa t\u00e4m\u00e4n maun yst\u00e4villeni ja tuttavilleni. Heid\u00e4n reaktionsa oli h\u00e4mm\u00e4stytt\u00e4v\u00e4 &#8211; he pitiv\u00e4t siit\u00e4 niin paljon, ett\u00e4 he alkoivat pyyt\u00e4\u00e4 minua tekem\u00e4\u00e4n r\u00e4\u00e4t\u00e4l\u00f6ity heille.<br \/>Pikkuhiljaa t\u00e4m\u00e4 harrastus kasvoi joksikin enemm\u00e4n. Aloin tutkia ja kehitt\u00e4\u00e4 reseptej\u00e4, kokeilla erilaisia \u200b\u200bt\u00e4ytteit\u00e4 ja taikinoita luodakseni t\u00e4ydellisi\u00e4 ruokia. Uskoen kulinaarisiin kykyihini ja l\u00e4heisteni tukeen, p\u00e4\u00e4tin muuttaa harrastukseni bisnekseksi.<br \/>N\u00e4in syntyi &#8221;Dumpling Empire Daria&#8221; &#8211; oma pieni yritykseni, joka on erikoistunut herkullisten nyytien manuaaliseen tuotantoon perinteisten reseptien mukaan. Kaikki alkoi harrastuksesta, mutta innostukseni ruoanlaittoa kohtaan ja ymp\u00e4rill\u00e4ni olevien tuen ansiosta pystyin toteuttamaan unelmani.<\/p>\t\t\t\t\t\t\t\t<\/div>\n\t\t\t\t\t<\/div>\n\t\t\t\t<\/div>\n\t\t\t\t<\/div>\n\t\t\t\t\t<\/div>\n\t\t\t\t<\/div>\n\t\t<div class=\"elementor-element elementor-element-b42c38c e-flex e-con-boxed e-con e-parent\" data-id=\"b42c38c\" data-element_type=\"container\">\n\t\t\t\t\t<div class=\"e-con-inner\">\n\t\t\t\t<div class=\"elementor-element elementor-element-6e9e4c1 elementor-widget elementor-widget-image\" data-id=\"6e9e4c1\" data-element_type=\"widget\" data-widget_type=\"image.default\">\n\t\t\t\t\t\t\t\t\t\t\t\t\t\t\t<img decoding=\"async\" width=\"1131\" height=\"1600\" src=\"https:\/\/shop.stadinao.eu\/RYHMAT\/2026_kevat\/Halych\/wp-content\/uploads\/2026\/02\/about2.jpg\" class=\"attachment-full size-full wp-image-685\" alt=\"\" srcset=\"https:\/\/shop.stadinao.eu\/RYHMAT\/2026_kevat\/Halych\/wp-content\/uploads\/2026\/02\/about2.jpg 1131w, https:\/\/shop.stadinao.eu\/RYHMAT\/2026_kevat\/Halych\/wp-content\/uploads\/2026\/02\/about2-600x849.jpg 600w, https:\/\/shop.stadinao.eu\/RYHMAT\/2026_kevat\/Halych\/wp-content\/uploads\/2026\/02\/about2-212x300.jpg 212w, https:\/\/shop.stadinao.eu\/RYHMAT\/2026_kevat\/Halych\/wp-content\/uploads\/2026\/02\/about2-724x1024.jpg 724w, https:\/\/shop.stadinao.eu\/RYHMAT\/2026_kevat\/Halych\/wp-content\/uploads\/2026\/02\/about2-768x1086.jpg 768w, https:\/\/shop.stadinao.eu\/RYHMAT\/2026_kevat\/Halych\/wp-content\/uploads\/2026\/02\/about2-1086x1536.jpg 1086w\" sizes=\"(max-width: 1131px) 100vw, 1131px\" style=\"width:100%;height:141.47%;max-width:1131px\" \/>\t\t\t\t\t\t\t\t\t\t\t\t\t\t\t<\/div>\n\t\t\t\t<div class=\"elementor-element elementor-element-8f9d138 elementor-widget elementor-widget-image\" data-id=\"8f9d138\" data-element_type=\"widget\" data-widget_type=\"image.default\">\n\t\t\t\t\t\t\t\t\t\t\t\t\t\t\t<img decoding=\"async\" width=\"1131\" height=\"1600\" src=\"https:\/\/shop.stadinao.eu\/RYHMAT\/2026_kevat\/Halych\/wp-content\/uploads\/2026\/02\/about.jpg\" class=\"attachment-full size-full wp-image-684\" alt=\"\" srcset=\"https:\/\/shop.stadinao.eu\/RYHMAT\/2026_kevat\/Halych\/wp-content\/uploads\/2026\/02\/about.jpg 1131w, https:\/\/shop.stadinao.eu\/RYHMAT\/2026_kevat\/Halych\/wp-content\/uploads\/2026\/02\/about-600x849.jpg 600w, https:\/\/shop.stadinao.eu\/RYHMAT\/2026_kevat\/Halych\/wp-content\/uploads\/2026\/02\/about-212x300.jpg 212w, https:\/\/shop.stadinao.eu\/RYHMAT\/2026_kevat\/Halych\/wp-content\/uploads\/2026\/02\/about-724x1024.jpg 724w, https:\/\/shop.stadinao.eu\/RYHMAT\/2026_kevat\/Halych\/wp-content\/uploads\/2026\/02\/about-768x1086.jpg 768w, https:\/\/shop.stadinao.eu\/RYHMAT\/2026_kevat\/Halych\/wp-content\/uploads\/2026\/02\/about-1086x1536.jpg 1086w\" sizes=\"(max-width: 1131px) 100vw, 1131px\" style=\"width:100%;height:141.47%;max-width:1131px\" \/>\t\t\t\t\t\t\t\t\t\t\t\t\t\t\t<\/div>\n\t\t\t\t\t<\/div>\n\t\t\t\t<\/div>\n\t\t<div class=\"elementor-element elementor-element-51684f8 e-flex e-con-boxed e-con e-parent\" data-id=\"51684f8\" data-element_type=\"container\">\n\t\t\t\t\t<div class=\"e-con-inner\">\n\t\t<div class=\"elementor-element elementor-element-a9906ef e-con-full e-flex e-con e-child\" data-id=\"a9906ef\" data-element_type=\"container\">\n\t\t<div class=\"elementor-element elementor-element-fb528fa e-con-full e-flex e-con e-child\" data-id=\"fb528fa\" data-element_type=\"container\">\n\t\t\t\t<div class=\"elementor-element elementor-element-f9a9275 elementor-widget elementor-widget-video\" data-id=\"f9a9275\" data-element_type=\"widget\" data-settings=\"{&quot;video_type&quot;:&quot;hosted&quot;,&quot;controls&quot;:&quot;yes&quot;}\" data-widget_type=\"video.default\">\n\t\t\t\t\t\t\t<div class=\"e-hosted-video elementor-wrapper elementor-open-inline\">\n\t\t\t\t\t<video class=\"elementor-video\" src=\"https:\/\/shop.stadinao.eu\/RYHMAT\/2026_kevat\/Halych\/wp-content\/uploads\/2026\/02\/Download-1.mp4\" controls=\"\" preload=\"metadata\" controlsList=\"nodownload\"><\/video>\n\t\t\t\t<\/div>\n\t\t\t\t\t\t<\/div>\n\t\t\t\t<\/div>\n\t\t<div class=\"elementor-element elementor-element-54c0f0a e-con-full e-flex e-con e-child\" data-id=\"54c0f0a\" data-element_type=\"container\">\n\t\t\t\t<div class=\"elementor-element elementor-element-404e7fd elementor-widget elementor-widget-video\" data-id=\"404e7fd\" data-element_type=\"widget\" data-settings=\"{&quot;video_type&quot;:&quot;hosted&quot;,&quot;controls&quot;:&quot;yes&quot;}\" data-widget_type=\"video.default\">\n\t\t\t\t\t\t\t<div class=\"e-hosted-video elementor-wrapper elementor-open-inline\">\n\t\t\t\t\t<video class=\"elementor-video\" src=\"https:\/\/shop.stadinao.eu\/RYHMAT\/2026_kevat\/Halych\/wp-content\/uploads\/2026\/02\/Download-3.mp4\" controls=\"\" preload=\"metadata\" controlsList=\"nodownload\"><\/video>\n\t\t\t\t<\/div>\n\t\t\t\t\t\t<\/div>\n\t\t\t\t<\/div>\n\t\t<div class=\"elementor-element elementor-element-9ae7a51 e-con-full e-flex e-con e-child\" data-id=\"9ae7a51\" data-element_type=\"container\">\n\t\t\t\t<div class=\"elementor-element elementor-element-90b8b09 elementor-widget elementor-widget-video\" data-id=\"90b8b09\" data-element_type=\"widget\" data-settings=\"{&quot;video_type&quot;:&quot;hosted&quot;,&quot;controls&quot;:&quot;yes&quot;}\" data-widget_type=\"video.default\">\n\t\t\t\t\t\t\t<div class=\"e-hosted-video elementor-wrapper elementor-open-inline\">\n\t\t\t\t\t<video class=\"elementor-video\" src=\"https:\/\/shop.stadinao.eu\/RYHMAT\/2026_kevat\/Halych\/wp-content\/uploads\/2026\/02\/Download-2.mp4\" controls=\"\" preload=\"metadata\" controlsList=\"nodownload\"><\/video>\n\t\t\t\t<\/div>\n\t\t\t\t\t\t<\/div>\n\t\t\t\t<\/div>\n\t\t<div class=\"elementor-element elementor-element-a6c1815 e-con-full e-flex e-con e-child\" data-id=\"a6c1815\" data-element_type=\"container\">\n\t\t\t\t<div class=\"elementor-element elementor-element-35e8ba0 elementor-widget elementor-widget-video\" data-id=\"35e8ba0\" data-element_type=\"widget\" data-settings=\"{&quot;video_type&quot;:&quot;hosted&quot;,&quot;controls&quot;:&quot;yes&quot;}\" data-widget_type=\"video.default\">\n\t\t\t\t\t\t\t<div class=\"e-hosted-video elementor-wrapper elementor-open-inline\">\n\t\t\t\t\t<video class=\"elementor-video\" src=\"https:\/\/shop.stadinao.eu\/RYHMAT\/2026_kevat\/Halych\/wp-content\/uploads\/2026\/02\/Download.mp4\" controls=\"\" preload=\"metadata\" controlsList=\"nodownload\"><\/video>\n\t\t\t\t<\/div>\n\t\t\t\t\t\t<\/div>\n\t\t\t\t<\/div>\n\t\t\t\t<\/div>\n\t\t\t\t\t<\/div>\n\t\t\t\t<\/div>\n\t\t<div class=\"elementor-element elementor-element-ba08697 e-flex e-con-boxed e-con e-parent\" data-id=\"ba08697\" data-element_type=\"container\" data-settings=\"{&quot;background_background&quot;:&quot;classic&quot;}\">\n\t\t\t\t\t<div class=\"e-con-inner\">\n\t\t<div class=\"elementor-element elementor-element-d3d12f4 e-con-full e-flex e-con e-child\" data-id=\"d3d12f4\" data-element_type=\"container\">\n\t\t\t\t<div class=\"elementor-element elementor-element-c7ebf43 elementor-widget elementor-widget-text-editor\" data-id=\"c7ebf43\" data-element_type=\"widget\" data-widget_type=\"text-editor.default\">\n\t\t\t\t\t\t\t\t\t<p>YHTEYSTIEDOT<\/p>\t\t\t\t\t\t\t\t<\/div>\n\t\t\t\t<div class=\"elementor-element elementor-element-90e1af0 elementor-widget elementor-widget-text-editor\" data-id=\"90e1af0\" data-element_type=\"widget\" data-widget_type=\"text-editor.default\">\n\t\t\t\t\t\t\t\t\t<p>Vantaa, Myyrm\u00e4ki, <br \/>Ruukkupolku 14A<br \/>Y-tunnus 3382458-3 <br \/>\u00abDumpling Empire Daria\u00ab<\/p><p>\u00a0<\/p><p>+358406104410<\/p>\t\t\t\t\t\t\t\t<\/div>\n\t\t\t\t<div class=\"elementor-element elementor-element-4c9a45b elementor-widget__width-initial elementor-shape-rounded elementor-grid-0 e-grid-align-center elementor-widget elementor-widget-social-icons\" data-id=\"4c9a45b\" data-element_type=\"widget\" data-widget_type=\"social-icons.default\">\n\t\t\t\t\t\t\t<div class=\"elementor-social-icons-wrapper elementor-grid\" role=\"list\">\n\t\t\t\t\t\t\t<span class=\"elementor-grid-item\" role=\"listitem\">\n\t\t\t\t\t<a class=\"elementor-icon elementor-social-icon elementor-social-icon- elementor-animation-shrink elementor-repeater-item-683b2e5\" href=\"https:\/\/www.instagram.com\/daria_pelmeni_finland\" target=\"_blank\">\n\t\t\t\t\t\t<span class=\"elementor-screen-only\"><\/span>\n\t\t\t\t\t\t<svg xmlns=\"http:\/\/www.w3.org\/2000\/svg\" xmlns:xlink=\"http:\/\/www.w3.org\/1999\/xlink\" width=\"48\" height=\"48\" viewBox=\"0 0 48 48\"><image id=\"Rectangle_181\" data-name=\"Rectangle 181\" width=\"48\" height=\"48\" xlink:href=\"data:image\/png;base64,iVBORw0KGgoAAAANSUhEUgAAADAAAAAwCAYAAABXAvmHAAAACXBIWXMAAAsTAAALEwEAmpwYAAACqklEQVR4nO2Zy05UQRCGPwbHhTOw0Gcwxkt0fBHRBF5AZHRjTAwYBYkuROJzCEQuLrwu1Fcw7kAh0a2YCMoMW8Z0UiepdPT0mb7MSHL+pJOT6br8xamurlNAiRIlShwmVIExYAn4DLSBTuBqi61FsW18JMEVYCsCYdfaAi7HJF4BnvSAeMda8+I7GDb578A0cAGoRbBfAxrAjNi2gwhOG23wGVAnHYaAZcvniK+xo1bOG\/IDpMcAsKL8bvoe7DErbVL+5R9LNZpTb2Jb+R\/1MbqkDJicT4mW+NlTv91X\/hd8jH5RBs4X1DkBTACvRb+t6vwr4JrI2JiTIB6p3xrKv9HvGnvKgCt9TI7eAX4XKI+\/gKkCeT2kdPSbKQzt1FUG33rU+Q9CMgYHb2Vz0by3ZD8CTeCkBFeT56bsadl3jssqeQBTSuYAuOsgZPbuiWymN9mvAMzr31EyD7qw\/VDp\/cw5Y0kDuK72N4DBLmwPSmXpyGp6csiFS\/m52r\/pYf+W0l\/z5JALl\/I3tX\/aw\/5Zpf\/Vk0MuXMr7av+Yh32jk+nve3LoawDm4Gb6LU8O0VLojIf9c\/1OobWIh3jVk0MuXMrNgDJ6xGoWJzw55MKlXJdL6NBeZEgboFuJ6QKtxIzVStzOkU8eQEUaMi37SW7pU6qZM883ZO+\/auYQgm8s+SLLdLFJ2+luP2gm5WPFRXxX0sYc5KQfND6flMeBceClVKa2XFLm+QVwVWSKoBH6SbmoDJiD12vMKv9PY4xVXPkaE8PAj9CxStUabC33cLC1GmOwhUyJ9QFcSfwmhi3y5r64FGp03gpiW4ZOFyNN6+pia9ZKm45M7IJR+UsQqdeBkI8yXs8wIvmYmvxmjLT5F6pSERaktmczzZDVAtalVI6m\/BdTiRIlShAdfwAepwQyvIz20AAAAABJRU5ErkJggg==\"><\/image><\/svg>\t\t\t\t\t<\/a>\n\t\t\t\t<\/span>\n\t\t\t\t\t\t\t<span class=\"elementor-grid-item\" role=\"listitem\">\n\t\t\t\t\t<a class=\"elementor-icon elementor-social-icon elementor-social-icon- elementor-animation-shrink elementor-repeater-item-5b687ed\" href=\"https:\/\/www.facebook.com\/DariaPelmeni\/\" target=\"_blank\">\n\t\t\t\t\t\t<span class=\"elementor-screen-only\"><\/span>\n\t\t\t\t\t\t<svg xmlns=\"http:\/\/www.w3.org\/2000\/svg\" xmlns:xlink=\"http:\/\/www.w3.org\/1999\/xlink\" width=\"48\" height=\"48\" viewBox=\"0 0 48 48\"><image id=\"Rectangle_182\" data-name=\"Rectangle 182\" width=\"48\" height=\"48\" xlink:href=\"data:image\/png;base64,iVBORw0KGgoAAAANSUhEUgAAADAAAAAwCAYAAABXAvmHAAAACXBIWXMAAAsTAAALEwEAmpwYAAAB1ElEQVR4nO2ZT0rDQBSHvxYqQk17AL2DthdwKW7aTY+jdaFt3YpHsDup3kalCII724XYSv2zMBKYwGMQ0mQmkxbng1nO773fzMsk8wIej8ezTlSADjAE7oF3IDQcc6U1VNpRjFxoA2MLCSeNsYpljTIwcJB4KMYP0FexjdGTfwGOgD2gakG\/CjSU5kSLFZkwoq1WIxa8BgLyowaMtJ1oZRWraDUfJV8if8qaiXHWB7ujlU2eK69T18opyiU1QyEQ1adruiL+VRaBByGwi3saIn6US2rmQmAL9wTayy418jgzYQe4BJ6Ab6G5AE7zzMGGgX3gNeEzorSqBrYTkv8EzvPMwdTAhZj\/DBwAmy5zCA0NPIr5hxk1wiINLCycYmGRBr7E\/I2MGqE3wPKTz7SySRofQG+VDMxSJL+S74GeWtU0OzCwnMP\/fgZ0vAG8AdbbwExMDgowUBPz30yvlFEPyLWBpumVUl7qjwswcGJ6qZdtlYnaUlcG6sDUtK2iN7ZGKXuVWQ2UgVsbja2\/WosjtTp5GagDN7ZaizF97TibqqZTM+GisqyBQGl1tbKx0tyNt7Sv7cRatddjWg5\/cLRw9ItJdu+yjjlwp47KXH8xeTweD9b5Beihz6gghcwuAAAAAElFTkSuQmCC\"><\/image><\/svg>\t\t\t\t\t<\/a>\n\t\t\t\t<\/span>\n\t\t\t\t\t\t\t<span class=\"elementor-grid-item\" role=\"listitem\">\n\t\t\t\t\t<a class=\"elementor-icon elementor-social-icon elementor-social-icon- elementor-animation-shrink elementor-repeater-item-d42e750\" href=\"https:\/\/l.facebook.com\/l.php?u=https%3A%2F%2Fapi.whatsapp.com%2Fsend%3Fphone%3D358406104410%26token%3DeyJhbGciOiJFUzI1NiIsInR5cCI6IkpXVCIsImtpZCI6IjEyNSJ9.eyJleHAiOjE3NzI3ODE3NzAsInBob25lIjoiMzU4NDA2MTA0NDEwIiwidGV4dCI6Ikxpbms6XG5odHRwczpcL1wvZmIubWVcLzdkb01PUXV0a1xuXG5JIHNhdyB0aGlzIG9uIEZhY2Vib29rLi4uIiwiYXBwIjoiZmFjZWJvb2sifQ.5H0dcWWW1TYBQZNcUEfCAJq3cCyeO-B_B8Ok1gD8K1fv0-XMiBk1E-6mSLkFvT_duKpw2HaXXjfzBI3TGdabFA&#038;h=AT7pl-aXG7KoJ0hNIGkHkTUBmNza9siDhEnrrjzOoCwrYKAyXhqONzLr0xajizZ_rwVS89Sq20XauQZgutkPZ58awZQGsG3F92jCNkisXftcTfOxdcx3R443eI02c3uCzmc1oeQDBxe9lNaQHQEMdgNkAVs&#038;__tn__=-UK-R&#038;c%5B0%5D=AT4blgI7QJzrMyUpjcQOohseaa6GC_LPQgjinCRQRrmVkEVEI3bvwLFWDjoHF_S8fh6Zib0u6ywxSDeKUdxvnD7vojlCWnzpuAA3MYapbsNaRMOC4fLP5lnBska3ztyIEpJmRHr23l9zzZIkdoaMuNdEEEBiPImFVb3IeIXBHOVVSxm4I4xZsLamBDNmed_4jRqtcQ_-Mq_bw77OlGaeyAvs-ao0KytHqJ5X\" target=\"_blank\">\n\t\t\t\t\t\t<span class=\"elementor-screen-only\"><\/span>\n\t\t\t\t\t\t<svg xmlns=\"http:\/\/www.w3.org\/2000\/svg\" xmlns:xlink=\"http:\/\/www.w3.org\/1999\/xlink\" width=\"48\" height=\"48\" viewBox=\"0 0 48 48\"><image id=\"Rectangle_183\" data-name=\"Rectangle 183\" width=\"48\" height=\"48\" xlink:href=\"data:image\/png;base64,iVBORw0KGgoAAAANSUhEUgAAADAAAAAwCAYAAABXAvmHAAAACXBIWXMAAAsTAAALEwEAmpwYAAADuElEQVR4nO2ZaYiOURTHf2Psu7GT5ZNSPtiVz8qWXcOUQvgue4poJHvISNmXkC0kW5ZQCCWmKMmSfQsjzNi7daZOt2e5z\/Pedyjvv86n957\/Ofd57z3bhRxyyMEHqgO9gWnAIeA68Bj4DFQAb4FSYB8wF+gFVOMfQDugGHgB\/E4oz4FFQPu\/4XhTYAPwI4XjtlQAa4HmVeX8eDkStiNPge3AJDki5svWBWrKhnsCE4BtwMsA\/TdAYbbPeUmA4dPAMCA\/Iddw4GIAX4n87hXmS56xDN0DBnrgHgw8srhPALXxBPM1jlkGdvg0ADQEdls2jsnxyxhbLOI5ZAd5wELL1rpMScdahPPJPootm2PSErWUyFBJtImqw15l9zVQkIZkoyJ5ANQPWGPC5VXJuGXASaBV5v7TQGymPkptgXJF0C8kCwflg8P4wWDF+RVok0R5hVK+4LDGlgF+9sAFxbk4STR4phQHhay7E7GBU1n4Fx67FoDdrPQeplQRsYH7HnPQK8Xbx0VprlLYGbGuLMT5H55rmo2Ke6aLwkGlYIqvMJwPcX4UfjFR8R9wUdBn24TJMMwIcH4c\/tFd2bjpovBOKZgyOAwFEv8r164nO2iubBjfYvFdKdSKWbtIrTV3ogP+UUvZMB8sFjq6VHfImLqdvOyrggzZgEmusXivFJo5rB8B\/FI6myWX+EJLqy6KRalSMBfIBSutC708YhNF0sCYZDcwYV667eLMIaVgQpgL8q0K0sjWgDtUGDAIOAK0juCeotaaEB+L2UrBzHFcUcPavJErQEf5fULEFON4BO8OtW6qiyO9lcInoE7CTdj\/RJmMYH5GlB4fIvh0kOjh4kSeFE6VSqNJBnOcllgXO07KQrgK1ZonSSYfxVb2SxNVhsqsyGUDJ0I4LqVtZ9tYDU3a+qaeJDudsW35GFKy6K\/\/LWlDY7BKEZwjMzQBpgNnJc+US0hcLN1f0JhF\/3tr0hjtpAgeUnWoJqG10ra5xI3SEPVVJDeoOiyzjljq3qIoaQLJEHkBzi\/NhFAnNHMfsokCq5EycjTTR5CSmAzY0LHYi8PIgAeS\/T5mr3qgaypOg87SM19XieqSnNMkI\/F80bkWEFZX+3p+0lWpKQ\/uxiQj0y3tAiZLXG8hxVxN6ap6SnG4xxpZ\/hZ5JsnPG3RfECTlVrJLK19kdNgYz3gYYOyTVKhFcgfMV54X8EDhIiZRLcjm21h\/KepeyhvBkJiL1RWYJUekVPS+ShlgjtctiTQmI3fJltM55PC\/4Q94k\/yKY4gcaQAAAABJRU5ErkJggg==\"><\/image><\/svg>\t\t\t\t\t<\/a>\n\t\t\t\t<\/span>\n\t\t\t\t\t\t\t<span class=\"elementor-grid-item\" role=\"listitem\">\n\t\t\t\t\t<a class=\"elementor-icon elementor-social-icon elementor-social-icon- elementor-animation-shrink elementor-repeater-item-c6f5e34\" href=\"https:\/\/www.tiktok.com\/@pelmenivantaafinland\" target=\"_blank\">\n\t\t\t\t\t\t<span class=\"elementor-screen-only\"><\/span>\n\t\t\t\t\t\t<svg xmlns=\"http:\/\/www.w3.org\/2000\/svg\" xmlns:xlink=\"http:\/\/www.w3.org\/1999\/xlink\" width=\"48\" height=\"48\" viewBox=\"0 0 48 48\"><image id=\"Rectangle_184\" data-name=\"Rectangle 184\" width=\"48\" height=\"48\" xlink:href=\"data:image\/png;base64,iVBORw0KGgoAAAANSUhEUgAAADAAAAAwCAYAAABXAvmHAAAACXBIWXMAAAsTAAALEwEAmpwYAAABz0lEQVR4nO2ZT0rDQBTGf\/7rCbppldaN4AE8ga1uvIW40o2C9gouRRBtj6EbF64tItUTiLV2JW7UoqiNjARGeIRUSdJMOjgfPEIz733zfdNMZzIFBwcHh1HHLNAAuoAHqJTD033VgXJS8cvAiwHRakA8A9UkI5+leCVMlOIYaAiSW2ARyJE+ckAFaIv+j+IQdQWBL940KqL\/ThwCOWFNjHwQucDEjgz5HGYFlUSDMyCwB\/T11UoDfc3jX6dsNKBEzNtuoGa7gUdgxmYDCrgBFmw24McHcADM2WagF\/j8BeymoSFq8QSwBhwDK79w+bvcs8A9DxjP0kAeuBL5D39wjenN2gnwCuwPQUPs4kmgFcg\/HZIQZcLAqsj7BLZCdq8jbeBS5G0OWYgyYeBN5OVtNNATeYWQ9unA+20aGhIVX4i87ZD2mmhvpqQhUfGGyHsHdoCijpq+99O+npKGRMX+L871gO2CjFbEdwGjC1kxsJCFiS+krCFxcU4\/Tk09sf04149N1JHPxEAaUP\/agGf7wdZ9xkeLVdH\/XRyCuiBoa0JTh7tLgcPdwzhEZb30q4zjKe7xOnrUnzMWXyEhSvor7Bj8i6mj+4w98g4ODg4YwTfPqPCtR96WZQAAAABJRU5ErkJggg==\"><\/image><\/svg>\t\t\t\t\t<\/a>\n\t\t\t\t<\/span>\n\t\t\t\t\t<\/div>\n\t\t\t\t\t\t<\/div>\n\t\t\t\t<\/div>\n\t\t\t\t\t<\/div>\n\t\t\t\t<\/div>\n\t\t\t\t<\/div>\n\t\t","protected":false},"excerpt":{"rendered":"<p>Kaikki alkoi harrastuksesta Kaikki alkoi vanhasta harrastuksestani &#8211; ruoanlaitosta. Olen aina nauttinut keitti\u00f6ss\u00e4 kokeilemisesta, uusien reseptien luomisesta ja l\u00e4heisteni yll\u00e4tt\u00e4misest\u00e4 herkullisilla ruoilla. Er\u00e4\u00e4n\u00e4 p\u00e4iv\u00e4n\u00e4 valmistaessani ruokia perinteisen perheen reseptin mukaan, p\u00e4\u00e4tin jakaa t\u00e4m\u00e4n maun yst\u00e4villeni ja tuttavilleni. Heid\u00e4n reaktionsa oli h\u00e4mm\u00e4stytt\u00e4v\u00e4 &#8211; he pitiv\u00e4t siit\u00e4 niin paljon, ett\u00e4 he alkoivat pyyt\u00e4\u00e4 minua tekem\u00e4\u00e4n r\u00e4\u00e4t\u00e4l\u00f6ity heille.Pikkuhiljaa&hellip; <a class=\"more-link\" href=\"https:\/\/shop.stadinao.eu\/RYHMAT\/2026_kevat\/Halych\/meista\/\">Jatka lukemista <span class=\"screen-reader-text\">Meista<\/span><\/a><\/p>\n","protected":false},"author":1,"featured_media":0,"parent":0,"menu_order":0,"comment_status":"closed","ping_status":"closed","template":"elementor_header_footer","meta":{"pagelayer_contact_templates":[],"_pagelayer_content":"","footnotes":""},"class_list":["post-682","page","type-page","status-publish","hentry","entry"],"_links":{"self":[{"href":"https:\/\/shop.stadinao.eu\/RYHMAT\/2026_kevat\/Halych\/wp-json\/wp\/v2\/pages\/682","targetHints":{"allow":["GET"]}}],"collection":[{"href":"https:\/\/shop.stadinao.eu\/RYHMAT\/2026_kevat\/Halych\/wp-json\/wp\/v2\/pages"}],"about":[{"href":"https:\/\/shop.stadinao.eu\/RYHMAT\/2026_kevat\/Halych\/wp-json\/wp\/v2\/types\/page"}],"author":[{"embeddable":true,"href":"https:\/\/shop.stadinao.eu\/RYHMAT\/2026_kevat\/Halych\/wp-json\/wp\/v2\/users\/1"}],"replies":[{"embeddable":true,"href":"https:\/\/shop.stadinao.eu\/RYHMAT\/2026_kevat\/Halych\/wp-json\/wp\/v2\/comments?post=682"}],"version-history":[{"count":195,"href":"https:\/\/shop.stadinao.eu\/RYHMAT\/2026_kevat\/Halych\/wp-json\/wp\/v2\/pages\/682\/revisions"}],"predecessor-version":[{"id":1744,"href":"https:\/\/shop.stadinao.eu\/RYHMAT\/2026_kevat\/Halych\/wp-json\/wp\/v2\/pages\/682\/revisions\/1744"}],"wp:attachment":[{"href":"https:\/\/shop.stadinao.eu\/RYHMAT\/2026_kevat\/Halych\/wp-json\/wp\/v2\/media?parent=682"}],"curies":[{"name":"wp","href":"https:\/\/api.w.org\/{rel}","templated":true}]}}