{"id":1010,"date":"2026-02-26T10:30:06","date_gmt":"2026-02-26T10:30:06","guid":{"rendered":"https:\/\/shop.stadinao.eu\/RYHMAT\/2026_kevat\/Halych\/?page_id=1010"},"modified":"2026-03-12T14:25:15","modified_gmt":"2026-03-12T14:25:15","slug":"yhteystiedot","status":"publish","type":"page","link":"https:\/\/shop.stadinao.eu\/RYHMAT\/2026_kevat\/Halych\/yhteystiedot\/","title":{"rendered":"Yhteystiedot"},"content":{"rendered":"\t\t<div data-elementor-type=\"wp-page\" data-elementor-id=\"1010\" class=\"elementor elementor-1010\">\n\t\t\t\t<div class=\"elementor-element elementor-element-c12d6bb e-flex e-con-boxed e-con e-parent\" data-id=\"c12d6bb\" data-element_type=\"container\">\n\t\t\t\t\t<div class=\"e-con-inner\">\n\t\t<div class=\"elementor-element elementor-element-1d33665 e-con-full e-flex e-con e-child\" data-id=\"1d33665\" data-element_type=\"container\">\n\t\t\t\t<div class=\"elementor-element elementor-element-5a47526 elementor-widget elementor-widget-text-editor\" data-id=\"5a47526\" data-element_type=\"widget\" data-widget_type=\"text-editor.default\">\n\t\t\t\t\t\t\t\t\t<p><strong>Aukioloajat:<\/strong><\/p><p>Maanantai &#8211; Perjantai: 8.00 &#8211; <br \/>18.00<br \/>Lauantai: 8.00 &#8211; 12.30<br \/>Sunnuntai: Suljettu<\/p><p>\u00a0<\/p><p><strong>Osoite:<\/strong><\/p><p>Ruukkupolku 14 A, 01600 Vantaa<\/p><p>Puhelin:<\/p><p>0465635943<\/p><p>S\u00e4hk\u00f6posti:<\/p><p>pelmeni.finland@gmail.com<\/p>\t\t\t\t\t\t\t\t<\/div>\n\t\t\t\t<\/div>\n\t\t<div class=\"elementor-element elementor-element-abbf4ae e-con-full e-flex e-con e-child\" data-id=\"abbf4ae\" data-element_type=\"container\">\n\t\t\t\t<div class=\"elementor-element elementor-element-a0f5e0a elementor-widget elementor-widget-text-editor\" data-id=\"a0f5e0a\" data-element_type=\"widget\" data-widget_type=\"text-editor.default\">\n\t\t\t\t\t\t\t\t\t<p><strong>Ota yhteytt\u00e4<\/strong><\/p>\t\t\t\t\t\t\t\t<\/div>\n\t\t\t\t<div class=\"elementor-element elementor-element-3f0f988 elementor-widget elementor-widget-shortcode\" data-id=\"3f0f988\" data-element_type=\"widget\" data-widget_type=\"shortcode.default\">\n\t\t\t\t\t\t\t<div class=\"elementor-shortcode\"><div class=\"forminator-ui forminator-custom-form forminator-custom-form-1033 forminator-design--default forminator-enclosed forminator_ajax\" data-forminator-render=\"0\" data-form=\"forminator-module-1033\" data-uid=\"69e5ef8bb9d87\"><br\/><\/div><form\n\t\t\t\tid=\"forminator-module-1033\"\n\t\t\t\tclass=\"forminator-ui forminator-custom-form forminator-custom-form-1033 forminator-design--default forminator-enclosed forminator_ajax\"\n\t\t\t\tmethod=\"post\"\n\t\t\t\tdata-forminator-render=\"0\"\n\t\t\t\tdata-form-id=\"1033\"\n\t\t\t\t data-color-option=\"theme\" data-design=\"default\" data-grid=\"enclosed\" style=\"display: none;\"\n\t\t\t\tdata-uid=\"69e5ef8bb9d87\"\n\t\t\t><div role=\"alert\" aria-live=\"polite\" class=\"forminator-response-message forminator-error\" aria-hidden=\"true\"><\/div><div class=\"forminator-row\"><div id=\"name-1\" class=\"forminator-field-name forminator-col forminator-col-12 \"><div class=\"forminator-field\"><label for=\"forminator-field-name-1_69e5ef8bb9d87\" id=\"forminator-field-name-1_69e5ef8bb9d87-label\" class=\"forminator-label\">First Name <span class=\"forminator-required\">*<\/span><\/label><input type=\"text\" name=\"name-1\" value=\"\" placeholder=\"\" id=\"forminator-field-name-1_69e5ef8bb9d87\" class=\"forminator-input forminator-name--field\" aria-required=\"true\" autocomplete=\"name\" \/><\/div><\/div><\/div><div class=\"forminator-row\"><div id=\"email-1\" class=\"forminator-field-email forminator-col forminator-col-12 \"><div class=\"forminator-field\"><label for=\"forminator-field-email-1_69e5ef8bb9d87\" id=\"forminator-field-email-1_69e5ef8bb9d87-label\" class=\"forminator-label\">Email Address <span class=\"forminator-required\">*<\/span><\/label><input type=\"email\" name=\"email-1\" value=\"\" placeholder=\"\" id=\"forminator-field-email-1_69e5ef8bb9d87\" class=\"forminator-input forminator-email--field\" data-required=\"true\" aria-required=\"true\" autocomplete=\"email\" \/><\/div><\/div><\/div><div class=\"forminator-row\"><div id=\"phone-1\" class=\"forminator-field-phone forminator-col forminator-col-12 \"><div class=\"forminator-field\"><label for=\"forminator-field-phone-1_69e5ef8bb9d87\" id=\"forminator-field-phone-1_69e5ef8bb9d87-label\" class=\"forminator-label\">Phone Number<\/label><input type=\"text\" name=\"phone-1\" value=\"\" placeholder=\"\" id=\"forminator-field-phone-1_69e5ef8bb9d87\" class=\"forminator-input forminator-field--phone\" data-required=\"\" aria-required=\"false\" autocomplete=\"off\" \/><\/div><\/div><\/div><div class=\"forminator-row\"><div id=\"textarea-1\" class=\"forminator-field-textarea forminator-col forminator-col-12 \"><div class=\"forminator-field\"><label for=\"forminator-field-textarea-1_69e5ef8bb9d87\" id=\"forminator-field-textarea-1_69e5ef8bb9d87-label\" class=\"forminator-label\">Message<\/label><span id=\"forminator-field-textarea-1_69e5ef8bb9d87-description\" class=\"forminator-description\"><span data-limit=\"180\" data-type=\"characters\" data-editor=\"\">0 \/ 180<\/span><\/span><textarea name=\"textarea-1\" placeholder=\"\" id=\"forminator-field-textarea-1_69e5ef8bb9d87\" class=\"forminator-textarea\" rows=\"6\" style=\"min-height:140px;\" maxlength=\"180\" ><\/textarea><\/div><\/div><\/div><input type=\"hidden\" name=\"referer_url\" value=\"\" \/><div class=\"forminator-row forminator-row-last\"><div class=\"forminator-col\"><div class=\"forminator-field\"><button class=\"forminator-button forminator-button-submit\">Submit<\/button><\/div><\/div><\/div><input type=\"hidden\" id=\"forminator_nonce\" name=\"forminator_nonce\" value=\"8ca9fec4ba\" \/><input type=\"hidden\" name=\"_wp_http_referer\" value=\"\/RYHMAT\/2026_kevat\/Halych\/wp-json\/wp\/v2\/pages\/1010\" \/><input type=\"hidden\" name=\"form_id\" value=\"1033\"><input type=\"hidden\" name=\"page_id\" value=\"1010\"><input type=\"hidden\" name=\"form_type\" value=\"default\"><input type=\"hidden\" name=\"current_url\" value=\"https:\/\/shop.stadinao.eu\/RYHMAT\/2026_kevat\/Halych\/yhteystiedot\/\"><input type=\"hidden\" name=\"render_id\" value=\"0\"><input type=\"hidden\" name=\"action\" value=\"forminator_submit_form_custom-forms\"><\/form><\/div>\n\t\t\t\t\t\t<\/div>\n\t\t\t\t<\/div>\n\t\t\t\t\t<\/div>\n\t\t\t\t<\/div>\n\t\t<div class=\"elementor-element elementor-element-8b6b7d4 e-flex e-con-boxed e-con e-parent\" data-id=\"8b6b7d4\" data-element_type=\"container\">\n\t\t\t\t\t<div class=\"e-con-inner\">\n\t\t\t\t<div class=\"elementor-element elementor-element-e1b7f1a elementor-widget elementor-widget-html\" data-id=\"e1b7f1a\" data-element_type=\"widget\" data-widget_type=\"html.default\">\n\t\t\t\t\t<iframe src=\"https:\/\/www.google.com\/maps\/embed?pb=!1m18!1m12!1m3!1d1979.0767769681854!2d24.849630477660583!3d60.26218833600318!2m3!1f0!2f0!3f0!3m2!1i1024!2i768!4f13.1!3m3!1m2!1s0x468df7a908af6133%3A0x25a07a9acd1c30e2!2sRuukkupolku%2014a%2C%2001600%20Vantaa!5e0!3m2!1sen!2sfi!4v1772102092672!5m2!1sen!2sfi\" width=\"600\" height=\"450\" style=\"border:0;\" allowfullscreen=\"\" loading=\"lazy\" referrerpolicy=\"no-referrer-when-downgrade\"><\/iframe>\t\t\t\t<\/div>\n\t\t\t\t\t<\/div>\n\t\t\t\t<\/div>\n\t\t<div class=\"elementor-element elementor-element-ba08697 e-flex e-con-boxed e-con e-parent\" data-id=\"ba08697\" data-element_type=\"container\" data-settings=\"{&quot;background_background&quot;:&quot;classic&quot;}\">\n\t\t\t\t\t<div class=\"e-con-inner\">\n\t\t<div class=\"elementor-element elementor-element-d3d12f4 e-con-full e-flex e-con e-child\" data-id=\"d3d12f4\" data-element_type=\"container\">\n\t\t\t\t<div class=\"elementor-element elementor-element-c7ebf43 elementor-widget elementor-widget-text-editor\" data-id=\"c7ebf43\" data-element_type=\"widget\" data-widget_type=\"text-editor.default\">\n\t\t\t\t\t\t\t\t\t<p>YHTEYSTIEDOT<\/p>\t\t\t\t\t\t\t\t<\/div>\n\t\t\t\t<div class=\"elementor-element elementor-element-90e1af0 elementor-widget elementor-widget-text-editor\" data-id=\"90e1af0\" data-element_type=\"widget\" data-widget_type=\"text-editor.default\">\n\t\t\t\t\t\t\t\t\t<p>Vantaa, Myyrm\u00e4ki, <br \/>Ruukkupolku 14A<br \/>Y-tunnus 3382458-3 <br \/>\u00abDumpling Empire Daria\u00ab<\/p><p>\u00a0<\/p><p>+358406104410<\/p>\t\t\t\t\t\t\t\t<\/div>\n\t\t\t\t<div class=\"elementor-element elementor-element-592ddb2 elementor-widget__width-initial elementor-shape-rounded elementor-grid-0 e-grid-align-center elementor-widget elementor-widget-social-icons\" data-id=\"592ddb2\" data-element_type=\"widget\" data-widget_type=\"social-icons.default\">\n\t\t\t\t\t\t\t<div class=\"elementor-social-icons-wrapper elementor-grid\" role=\"list\">\n\t\t\t\t\t\t\t<span class=\"elementor-grid-item\" role=\"listitem\">\n\t\t\t\t\t<a class=\"elementor-icon elementor-social-icon elementor-social-icon- elementor-animation-shrink elementor-repeater-item-683b2e5\" href=\"https:\/\/www.instagram.com\/daria_pelmeni_finland\" target=\"_blank\">\n\t\t\t\t\t\t<span class=\"elementor-screen-only\"><\/span>\n\t\t\t\t\t\t<svg xmlns=\"http:\/\/www.w3.org\/2000\/svg\" xmlns:xlink=\"http:\/\/www.w3.org\/1999\/xlink\" width=\"48\" height=\"48\" viewBox=\"0 0 48 48\"><image id=\"Rectangle_181\" data-name=\"Rectangle 181\" width=\"48\" height=\"48\" xlink:href=\"data:image\/png;base64,iVBORw0KGgoAAAANSUhEUgAAADAAAAAwCAYAAABXAvmHAAAACXBIWXMAAAsTAAALEwEAmpwYAAACqklEQVR4nO2Zy05UQRCGPwbHhTOw0Gcwxkt0fBHRBF5AZHRjTAwYBYkuROJzCEQuLrwu1Fcw7kAh0a2YCMoMW8Z0UiepdPT0mb7MSHL+pJOT6br8xamurlNAiRIlShwmVIExYAn4DLSBTuBqi61FsW18JMEVYCsCYdfaAi7HJF4BnvSAeMda8+I7GDb578A0cAGoRbBfAxrAjNi2gwhOG23wGVAnHYaAZcvniK+xo1bOG\/IDpMcAsKL8bvoe7DErbVL+5R9LNZpTb2Jb+R\/1MbqkDJicT4mW+NlTv91X\/hd8jH5RBs4X1DkBTACvRb+t6vwr4JrI2JiTIB6p3xrKv9HvGnvKgCt9TI7eAX4XKI+\/gKkCeT2kdPSbKQzt1FUG33rU+Q9CMgYHb2Vz0by3ZD8CTeCkBFeT56bsadl3jssqeQBTSuYAuOsgZPbuiWymN9mvAMzr31EyD7qw\/VDp\/cw5Y0kDuK72N4DBLmwPSmXpyGp6csiFS\/m52r\/pYf+W0l\/z5JALl\/I3tX\/aw\/5Zpf\/Vk0MuXMr7av+Yh32jk+nve3LoawDm4Gb6LU8O0VLojIf9c\/1OobWIh3jVk0MuXMrNgDJ6xGoWJzw55MKlXJdL6NBeZEgboFuJ6QKtxIzVStzOkU8eQEUaMi37SW7pU6qZM883ZO+\/auYQgm8s+SLLdLFJ2+luP2gm5WPFRXxX0sYc5KQfND6flMeBceClVKa2XFLm+QVwVWSKoBH6SbmoDJiD12vMKv9PY4xVXPkaE8PAj9CxStUabC33cLC1GmOwhUyJ9QFcSfwmhi3y5r64FGp03gpiW4ZOFyNN6+pia9ZKm45M7IJR+UsQqdeBkI8yXs8wIvmYmvxmjLT5F6pSERaktmczzZDVAtalVI6m\/BdTiRIlShAdfwAepwQyvIz20AAAAABJRU5ErkJggg==\"><\/image><\/svg>\t\t\t\t\t<\/a>\n\t\t\t\t<\/span>\n\t\t\t\t\t\t\t<span class=\"elementor-grid-item\" role=\"listitem\">\n\t\t\t\t\t<a class=\"elementor-icon elementor-social-icon elementor-social-icon- elementor-animation-shrink elementor-repeater-item-5b687ed\" href=\"https:\/\/www.facebook.com\/DariaPelmeni\/\" target=\"_blank\">\n\t\t\t\t\t\t<span class=\"elementor-screen-only\"><\/span>\n\t\t\t\t\t\t<svg xmlns=\"http:\/\/www.w3.org\/2000\/svg\" xmlns:xlink=\"http:\/\/www.w3.org\/1999\/xlink\" width=\"48\" height=\"48\" viewBox=\"0 0 48 48\"><image id=\"Rectangle_182\" data-name=\"Rectangle 182\" width=\"48\" height=\"48\" xlink:href=\"data:image\/png;base64,iVBORw0KGgoAAAANSUhEUgAAADAAAAAwCAYAAABXAvmHAAAACXBIWXMAAAsTAAALEwEAmpwYAAAB1ElEQVR4nO2ZT0rDQBSHvxYqQk17AL2DthdwKW7aTY+jdaFt3YpHsDup3kalCII724XYSv2zMBKYwGMQ0mQmkxbng1nO773fzMsk8wIej8ezTlSADjAE7oF3IDQcc6U1VNpRjFxoA2MLCSeNsYpljTIwcJB4KMYP0FexjdGTfwGOgD2gakG\/CjSU5kSLFZkwoq1WIxa8BgLyowaMtJ1oZRWraDUfJV8if8qaiXHWB7ujlU2eK69T18opyiU1QyEQ1adruiL+VRaBByGwi3saIn6US2rmQmAL9wTayy418jgzYQe4BJ6Ab6G5AE7zzMGGgX3gNeEzorSqBrYTkv8EzvPMwdTAhZj\/DBwAmy5zCA0NPIr5hxk1wiINLCycYmGRBr7E\/I2MGqE3wPKTz7SySRofQG+VDMxSJL+S74GeWtU0OzCwnMP\/fgZ0vAG8AdbbwExMDgowUBPz30yvlFEPyLWBpumVUl7qjwswcGJ6qZdtlYnaUlcG6sDUtK2iN7ZGKXuVWQ2UgVsbja2\/WosjtTp5GagDN7ZaizF97TibqqZTM+GisqyBQGl1tbKx0tyNt7Sv7cRatddjWg5\/cLRw9ItJdu+yjjlwp47KXH8xeTweD9b5Beihz6gghcwuAAAAAElFTkSuQmCC\"><\/image><\/svg>\t\t\t\t\t<\/a>\n\t\t\t\t<\/span>\n\t\t\t\t\t\t\t<span class=\"elementor-grid-item\" role=\"listitem\">\n\t\t\t\t\t<a class=\"elementor-icon elementor-social-icon elementor-social-icon- elementor-animation-shrink elementor-repeater-item-d42e750\" href=\"https:\/\/l.facebook.com\/l.php?u=https%3A%2F%2Fapi.whatsapp.com%2Fsend%3Fphone%3D358406104410%26token%3DeyJhbGciOiJFUzI1NiIsInR5cCI6IkpXVCIsImtpZCI6IjEyNSJ9.eyJleHAiOjE3NzI3ODE3NzAsInBob25lIjoiMzU4NDA2MTA0NDEwIiwidGV4dCI6Ikxpbms6XG5odHRwczpcL1wvZmIubWVcLzdkb01PUXV0a1xuXG5JIHNhdyB0aGlzIG9uIEZhY2Vib29rLi4uIiwiYXBwIjoiZmFjZWJvb2sifQ.5H0dcWWW1TYBQZNcUEfCAJq3cCyeO-B_B8Ok1gD8K1fv0-XMiBk1E-6mSLkFvT_duKpw2HaXXjfzBI3TGdabFA&#038;h=AT7pl-aXG7KoJ0hNIGkHkTUBmNza9siDhEnrrjzOoCwrYKAyXhqONzLr0xajizZ_rwVS89Sq20XauQZgutkPZ58awZQGsG3F92jCNkisXftcTfOxdcx3R443eI02c3uCzmc1oeQDBxe9lNaQHQEMdgNkAVs&#038;__tn__=-UK-R&#038;c%5B0%5D=AT4blgI7QJzrMyUpjcQOohseaa6GC_LPQgjinCRQRrmVkEVEI3bvwLFWDjoHF_S8fh6Zib0u6ywxSDeKUdxvnD7vojlCWnzpuAA3MYapbsNaRMOC4fLP5lnBska3ztyIEpJmRHr23l9zzZIkdoaMuNdEEEBiPImFVb3IeIXBHOVVSxm4I4xZsLamBDNmed_4jRqtcQ_-Mq_bw77OlGaeyAvs-ao0KytHqJ5X\" target=\"_blank\">\n\t\t\t\t\t\t<span class=\"elementor-screen-only\"><\/span>\n\t\t\t\t\t\t<svg xmlns=\"http:\/\/www.w3.org\/2000\/svg\" xmlns:xlink=\"http:\/\/www.w3.org\/1999\/xlink\" width=\"48\" height=\"48\" viewBox=\"0 0 48 48\"><image id=\"Rectangle_183\" data-name=\"Rectangle 183\" width=\"48\" height=\"48\" xlink:href=\"data:image\/png;base64,iVBORw0KGgoAAAANSUhEUgAAADAAAAAwCAYAAABXAvmHAAAACXBIWXMAAAsTAAALEwEAmpwYAAADuElEQVR4nO2ZaYiOURTHf2Psu7GT5ZNSPtiVz8qWXcOUQvgue4poJHvISNmXkC0kW5ZQCCWmKMmSfQsjzNi7daZOt2e5z\/Pedyjvv86n957\/Ofd57z3bhRxyyMEHqgO9gWnAIeA68Bj4DFQAb4FSYB8wF+gFVOMfQDugGHgB\/E4oz4FFQPu\/4XhTYAPwI4XjtlQAa4HmVeX8eDkStiNPge3AJDki5svWBWrKhnsCE4BtwMsA\/TdAYbbPeUmA4dPAMCA\/Iddw4GIAX4n87hXmS56xDN0DBnrgHgw8srhPALXxBPM1jlkGdvg0ADQEdls2jsnxyxhbLOI5ZAd5wELL1rpMScdahPPJPootm2PSErWUyFBJtImqw15l9zVQkIZkoyJ5ANQPWGPC5VXJuGXASaBV5v7TQGymPkptgXJF0C8kCwflg8P4wWDF+RVok0R5hVK+4LDGlgF+9sAFxbk4STR4phQHhay7E7GBU1n4Fx67FoDdrPQeplQRsYH7HnPQK8Xbx0VprlLYGbGuLMT5H55rmo2Ke6aLwkGlYIqvMJwPcX4UfjFR8R9wUdBn24TJMMwIcH4c\/tFd2bjpovBOKZgyOAwFEv8r164nO2iubBjfYvFdKdSKWbtIrTV3ogP+UUvZMB8sFjq6VHfImLqdvOyrggzZgEmusXivFJo5rB8B\/FI6myWX+EJLqy6KRalSMBfIBSutC708YhNF0sCYZDcwYV667eLMIaVgQpgL8q0K0sjWgDtUGDAIOAK0juCeotaaEB+L2UrBzHFcUcPavJErQEf5fULEFON4BO8OtW6qiyO9lcInoE7CTdj\/RJmMYH5GlB4fIvh0kOjh4kSeFE6VSqNJBnOcllgXO07KQrgK1ZonSSYfxVb2SxNVhsqsyGUDJ0I4LqVtZ9tYDU3a+qaeJDudsW35GFKy6K\/\/LWlDY7BKEZwjMzQBpgNnJc+US0hcLN1f0JhF\/3tr0hjtpAgeUnWoJqG10ra5xI3SEPVVJDeoOiyzjljq3qIoaQLJEHkBzi\/NhFAnNHMfsokCq5EycjTTR5CSmAzY0LHYi8PIgAeS\/T5mr3qgaypOg87SM19XieqSnNMkI\/F80bkWEFZX+3p+0lWpKQ\/uxiQj0y3tAiZLXG8hxVxN6ap6SnG4xxpZ\/hZ5JsnPG3RfECTlVrJLK19kdNgYz3gYYOyTVKhFcgfMV54X8EDhIiZRLcjm21h\/KepeyhvBkJiL1RWYJUekVPS+ShlgjtctiTQmI3fJltM55PC\/4Q94k\/yKY4gcaQAAAABJRU5ErkJggg==\"><\/image><\/svg>\t\t\t\t\t<\/a>\n\t\t\t\t<\/span>\n\t\t\t\t\t\t\t<span class=\"elementor-grid-item\" role=\"listitem\">\n\t\t\t\t\t<a class=\"elementor-icon elementor-social-icon elementor-social-icon- elementor-animation-shrink elementor-repeater-item-c6f5e34\" href=\"https:\/\/www.tiktok.com\/@pelmenivantaafinland\" target=\"_blank\">\n\t\t\t\t\t\t<span class=\"elementor-screen-only\"><\/span>\n\t\t\t\t\t\t<svg xmlns=\"http:\/\/www.w3.org\/2000\/svg\" xmlns:xlink=\"http:\/\/www.w3.org\/1999\/xlink\" width=\"48\" height=\"48\" viewBox=\"0 0 48 48\"><image id=\"Rectangle_184\" data-name=\"Rectangle 184\" width=\"48\" height=\"48\" xlink:href=\"data:image\/png;base64,iVBORw0KGgoAAAANSUhEUgAAADAAAAAwCAYAAABXAvmHAAAACXBIWXMAAAsTAAALEwEAmpwYAAABz0lEQVR4nO2ZT0rDQBTGf\/7rCbppldaN4AE8ga1uvIW40o2C9gouRRBtj6EbF64tItUTiLV2JW7UoqiNjARGeIRUSdJMOjgfPEIz733zfdNMZzIFBwcHh1HHLNAAuoAHqJTD033VgXJS8cvAiwHRakA8A9UkI5+leCVMlOIYaAiSW2ARyJE+ckAFaIv+j+IQdQWBL940KqL\/ThwCOWFNjHwQucDEjgz5HGYFlUSDMyCwB\/T11UoDfc3jX6dsNKBEzNtuoGa7gUdgxmYDCrgBFmw24McHcADM2WagF\/j8BeymoSFq8QSwBhwDK79w+bvcs8A9DxjP0kAeuBL5D39wjenN2gnwCuwPQUPs4kmgFcg\/HZIQZcLAqsj7BLZCdq8jbeBS5G0OWYgyYeBN5OVtNNATeYWQ9unA+20aGhIVX4i87ZD2mmhvpqQhUfGGyHsHdoCijpq+99O+npKGRMX+L871gO2CjFbEdwGjC1kxsJCFiS+krCFxcU4\/Tk09sf04149N1JHPxEAaUP\/agGf7wdZ9xkeLVdH\/XRyCuiBoa0JTh7tLgcPdwzhEZb30q4zjKe7xOnrUnzMWXyEhSvor7Bj8i6mj+4w98g4ODg4YwTfPqPCtR96WZQAAAABJRU5ErkJggg==\"><\/image><\/svg>\t\t\t\t\t<\/a>\n\t\t\t\t<\/span>\n\t\t\t\t\t<\/div>\n\t\t\t\t\t\t<\/div>\n\t\t\t\t<\/div>\n\t\t\t\t\t<\/div>\n\t\t\t\t<\/div>\n\t\t\t\t<\/div>\n\t\t","protected":false},"excerpt":{"rendered":"<p>Aukioloajat: Maanantai &#8211; Perjantai: 8.00 &#8211; 18.00Lauantai: 8.00 &#8211; 12.30Sunnuntai: Suljettu \u00a0 Osoite: Ruukkupolku 14 A, 01600 Vantaa Puhelin: 0465635943 S\u00e4hk\u00f6posti: pelmeni.finland@gmail.com Ota yhteytt\u00e4 YHTEYSTIEDOT Vantaa, Myyrm\u00e4ki, Ruukkupolku 14AY-tunnus 3382458-3 \u00abDumpling Empire Daria\u00ab \u00a0 +358406104410<\/p>\n","protected":false},"author":1,"featured_media":195,"parent":0,"menu_order":0,"comment_status":"closed","ping_status":"closed","template":"elementor_header_footer","meta":{"pagelayer_contact_templates":[],"_pagelayer_content":"","footnotes":""},"class_list":["post-1010","page","type-page","status-publish","has-post-thumbnail","hentry","entry"],"_links":{"self":[{"href":"https:\/\/shop.stadinao.eu\/RYHMAT\/2026_kevat\/Halych\/wp-json\/wp\/v2\/pages\/1010","targetHints":{"allow":["GET"]}}],"collection":[{"href":"https:\/\/shop.stadinao.eu\/RYHMAT\/2026_kevat\/Halych\/wp-json\/wp\/v2\/pages"}],"about":[{"href":"https:\/\/shop.stadinao.eu\/RYHMAT\/2026_kevat\/Halych\/wp-json\/wp\/v2\/types\/page"}],"author":[{"embeddable":true,"href":"https:\/\/shop.stadinao.eu\/RYHMAT\/2026_kevat\/Halych\/wp-json\/wp\/v2\/users\/1"}],"replies":[{"embeddable":true,"href":"https:\/\/shop.stadinao.eu\/RYHMAT\/2026_kevat\/Halych\/wp-json\/wp\/v2\/comments?post=1010"}],"version-history":[{"count":64,"href":"https:\/\/shop.stadinao.eu\/RYHMAT\/2026_kevat\/Halych\/wp-json\/wp\/v2\/pages\/1010\/revisions"}],"predecessor-version":[{"id":1769,"href":"https:\/\/shop.stadinao.eu\/RYHMAT\/2026_kevat\/Halych\/wp-json\/wp\/v2\/pages\/1010\/revisions\/1769"}],"wp:featuredmedia":[{"embeddable":true,"href":"https:\/\/shop.stadinao.eu\/RYHMAT\/2026_kevat\/Halych\/wp-json\/wp\/v2\/media\/195"}],"wp:attachment":[{"href":"https:\/\/shop.stadinao.eu\/RYHMAT\/2026_kevat\/Halych\/wp-json\/wp\/v2\/media?parent=1010"}],"curies":[{"name":"wp","href":"https:\/\/api.w.org\/{rel}","templated":true}]}}