{"id":7,"date":"2024-11-15T08:05:29","date_gmt":"2024-11-15T08:05:29","guid":{"rendered":"https:\/\/shop.stadinao.eu\/RYHMAT\/2024_syksy\/Soilas\/?page_id=7"},"modified":"2024-12-12T09:08:52","modified_gmt":"2024-12-12T09:08:52","slug":"etusivu","status":"publish","type":"page","link":"https:\/\/shop.stadinao.eu\/RYHMAT\/2024_syksy\/Soilas\/","title":{"rendered":"Etusivu"},"content":{"rendered":"\t\t<div data-elementor-type=\"wp-page\" data-elementor-id=\"7\" class=\"elementor elementor-7\">\n\t\t\t\t<div class=\"elementor-element elementor-element-c87c9a2 e-flex e-con-boxed e-con e-parent\" data-id=\"c87c9a2\" data-element_type=\"container\">\n\t\t\t\t\t<div class=\"e-con-inner\">\n\t\t\t\t<div class=\"elementor-element elementor-element-1aa8b0f elementor-widget elementor-widget-html\" data-id=\"1aa8b0f\" data-element_type=\"widget\" data-widget_type=\"html.default\">\n\t\t\t\t<div class=\"elementor-widget-container\">\n\t\t\t<style>\n \t  #header{\n       \t\t display:none;\n    \t\t}\n\n    \t  #footer{\n        \t\tdisplay: none;\n    \t\t}\n    \t  hr{\n        \t\tdisplay: none;\n    \t\t}\n    \t\tbody{\n    \/*background-color: rgba(186,238,237,1.00);*\/\n}\n       \n<\/style>\n\n\t\t<\/div>\n\t\t\t\t<\/div>\n\t\t\t\t<div class=\"elementor-element elementor-element-3a5ceaa elementor-widget elementor-widget-menu-anchor\" data-id=\"3a5ceaa\" data-element_type=\"widget\" data-widget_type=\"menu-anchor.default\">\n\t\t\t\t<div class=\"elementor-widget-container\">\n\t\t\t\t\t<div class=\"elementor-menu-anchor\" id=\"Ylos\"><\/div>\n\t\t\t\t<\/div>\n\t\t\t\t<\/div>\n\t\t\t\t\t<\/div>\n\t\t\t\t<\/div>\n\t\t<div class=\"elementor-element elementor-element-ae5e766 e-flex e-con-boxed e-con e-parent\" data-id=\"ae5e766\" data-element_type=\"container\">\n\t\t\t\t\t<div class=\"e-con-inner\">\n\t\t\t\t<div class=\"elementor-element elementor-element-565b5ae elementor-widget elementor-widget-heading\" data-id=\"565b5ae\" data-element_type=\"widget\" data-widget_type=\"heading.default\">\n\t\t\t\t<div class=\"elementor-widget-container\">\n\t\t\t<h1 class=\"elementor-heading-title elementor-size-default\">KORTTELIKORJAUS<\/h1>\t\t<\/div>\n\t\t\t\t<\/div>\n\t\t\t\t\t<\/div>\n\t\t\t\t<\/div>\n\t\t<div class=\"elementor-element elementor-element-e9fee39 e-flex e-con-boxed e-con e-parent\" data-id=\"e9fee39\" data-element_type=\"container\">\n\t\t\t\t\t<div class=\"e-con-inner\">\n\t\t\t\t\t<\/div>\n\t\t\t\t<\/div>\n\t\t<div class=\"elementor-element elementor-element-246b195 e-flex e-con-boxed e-con e-parent\" data-id=\"246b195\" data-element_type=\"container\" data-settings=\"{&quot;background_background&quot;:&quot;gradient&quot;}\">\n\t\t\t\t\t<div class=\"e-con-inner\">\n\t\t<div class=\"elementor-element elementor-element-e62347a e-grid e-con-full e-con e-child\" data-id=\"e62347a\" data-element_type=\"container\">\n\t\t\t\t<div class=\"elementor-element elementor-element-30f7147 elementor-widget elementor-widget-heading\" data-id=\"30f7147\" data-element_type=\"widget\" data-widget_type=\"heading.default\">\n\t\t\t\t<div class=\"elementor-widget-container\">\n\t\t\t<h4 class=\"elementor-heading-title elementor-size-default\"><a href=\"#Referenssit\">Referenssit<\/a><\/h4>\t\t<\/div>\n\t\t\t\t<\/div>\n\t\t\t\t<div class=\"elementor-element elementor-element-23590c0 elementor-widget elementor-widget-heading\" data-id=\"23590c0\" data-element_type=\"widget\" data-widget_type=\"heading.default\">\n\t\t\t\t<div class=\"elementor-widget-container\">\n\t\t\t<h4 class=\"elementor-heading-title elementor-size-default\"><a href=\"#Yhteistiedot\">Yhteistiedot<\/a><\/h4>\t\t<\/div>\n\t\t\t\t<\/div>\n\t\t\t\t<div class=\"elementor-element elementor-element-92d3613 elementor-widget elementor-widget-heading\" data-id=\"92d3613\" data-element_type=\"widget\" data-widget_type=\"heading.default\">\n\t\t\t\t<div class=\"elementor-widget-container\">\n\t\t\t<h4 class=\"elementor-heading-title elementor-size-default\"><a href=\"#Laskutus\">Laskutus<\/a><\/h4>\t\t<\/div>\n\t\t\t\t<\/div>\n\t\t\t\t<\/div>\n\t\t\t\t\t<\/div>\n\t\t\t\t<\/div>\n\t\t<div class=\"elementor-element elementor-element-f9a9e04 e-flex e-con-boxed e-con e-parent\" data-id=\"f9a9e04\" data-element_type=\"container\">\n\t\t\t\t\t<div class=\"e-con-inner\">\n\t\t\t\t<div class=\"elementor-element elementor-element-043a522 elementor-widget elementor-widget-text-editor\" data-id=\"043a522\" data-element_type=\"widget\" data-widget_type=\"text-editor.default\">\n\t\t\t\t<div class=\"elementor-widget-container\">\n\t\t\t\t\t\t\t<h4><em>Korttelikorjaus on korjausrakentamiseen erikoistunut yritys. Toimialaamme kuuluvat kaikki pienrakentaminen pohjasta pintaan ja purkut\u00f6ist\u00e4 uudisrakennuksiin. Ty\u00f6t\u00e4 tehd\u00e4\u00e4n 20 vuoden kokemuksella. Yritys toimii Uudenmaan alueella.<\/em><\/h4>\t\t\t\t\t\t<\/div>\n\t\t\t\t<\/div>\n\t\t\t\t\t<\/div>\n\t\t\t\t<\/div>\n\t\t<div class=\"elementor-element elementor-element-d8430d1 e-grid e-con-full e-con e-parent\" data-id=\"d8430d1\" data-element_type=\"container\">\n\t\t\t\t<div class=\"elementor-element elementor-element-9823a3d elementor-widget elementor-widget-image\" data-id=\"9823a3d\" data-element_type=\"widget\" data-widget_type=\"image.default\">\n\t\t\t\t<div class=\"elementor-widget-container\">\n\t\t\t\t\t\t\t\t\t\t\t\t\t<img decoding=\"async\" src=\"https:\/\/shop.stadinao.eu\/RYHMAT\/2024_syksy\/Soilas\/wp-content\/uploads\/elementor\/thumbs\/J1-qye28hckyqelgfnlrk3v5z9qhptzunhcadqo0phps0.jpeg\" title=\"J1\" alt=\"J1\" loading=\"lazy\" \/>\t\t\t\t\t\t\t\t\t\t\t\t\t<\/div>\n\t\t\t\t<\/div>\n\t\t\t\t<div class=\"elementor-element elementor-element-7cc37e0 elementor-widget elementor-widget-image\" data-id=\"7cc37e0\" data-element_type=\"widget\" data-widget_type=\"image.default\">\n\t\t\t\t<div class=\"elementor-widget-container\">\n\t\t\t\t\t\t\t\t\t\t\t\t\t<img decoding=\"async\" src=\"https:\/\/shop.stadinao.eu\/RYHMAT\/2024_syksy\/Soilas\/wp-content\/uploads\/elementor\/thumbs\/J2-qye29f6rsrox2eag9yqfnqqbvl77jr7of185ao3jk0.jpeg\" title=\"J2\" alt=\"J2\" loading=\"lazy\" \/>\t\t\t\t\t\t\t\t\t\t\t\t\t<\/div>\n\t\t\t\t<\/div>\n\t\t\t\t<\/div>\n\t\t<div class=\"elementor-element elementor-element-f8278d4 e-flex e-con-boxed e-con e-parent\" data-id=\"f8278d4\" data-element_type=\"container\">\n\t\t\t\t\t<div class=\"e-con-inner\">\n\t\t\t\t<div class=\"elementor-element elementor-element-e448fe2 elementor-widget elementor-widget-google_maps\" data-id=\"e448fe2\" data-element_type=\"widget\" data-widget_type=\"google_maps.default\">\n\t\t\t\t<div class=\"elementor-widget-container\">\n\t\t\t\t\t<div class=\"elementor-custom-embed\">\n\t\t\t<iframe loading=\"lazy\"\n\t\t\t\t\tsrc=\"https:\/\/maps.google.com\/maps?q=Linnunradantie%205a&#038;t=m&#038;z=10&#038;output=embed&#038;iwloc=near\"\n\t\t\t\t\ttitle=\"Linnunradantie 5a\"\n\t\t\t\t\taria-label=\"Linnunradantie 5a\"\n\t\t\t><\/iframe>\n\t\t<\/div>\n\t\t\t\t<\/div>\n\t\t\t\t<\/div>\n\t\t\t\t\t<\/div>\n\t\t\t\t<\/div>\n\t\t<div class=\"elementor-element elementor-element-77ca7b9 e-flex e-con-boxed e-con e-parent\" data-id=\"77ca7b9\" data-element_type=\"container\">\n\t\t\t\t\t<div class=\"e-con-inner\">\n\t\t\t\t<div class=\"elementor-element elementor-element-641f765 elementor-widget elementor-widget-menu-anchor\" data-id=\"641f765\" data-element_type=\"widget\" data-widget_type=\"menu-anchor.default\">\n\t\t\t\t<div class=\"elementor-widget-container\">\n\t\t\t\t\t<div class=\"elementor-menu-anchor\" id=\"Referenssit\"><\/div>\n\t\t\t\t<\/div>\n\t\t\t\t<\/div>\n\t\t\t\t\t<\/div>\n\t\t\t\t<\/div>\n\t\t<div class=\"elementor-element elementor-element-7532792 e-flex e-con-boxed e-con e-parent\" data-id=\"7532792\" data-element_type=\"container\">\n\t\t\t\t\t<div class=\"e-con-inner\">\n\t\t\t\t<div class=\"elementor-element elementor-element-0ab56c9 elementor-widget elementor-widget-heading\" data-id=\"0ab56c9\" data-element_type=\"widget\" data-widget_type=\"heading.default\">\n\t\t\t\t<div class=\"elementor-widget-container\">\n\t\t\t<h2 class=\"elementor-heading-title elementor-size-default\">Referenssit<\/h2>\t\t<\/div>\n\t\t\t\t<\/div>\n\t\t\t\t\t<\/div>\n\t\t\t\t<\/div>\n\t\t<div class=\"elementor-element elementor-element-541b980 e-flex e-con-boxed e-con e-parent\" data-id=\"541b980\" data-element_type=\"container\" data-settings=\"{&quot;background_background&quot;:&quot;classic&quot;}\">\n\t\t\t\t\t<div class=\"e-con-inner\">\n\t\t\t\t<div class=\"elementor-element elementor-element-6166e62 elementor-widget elementor-widget-text-editor\" data-id=\"6166e62\" data-element_type=\"widget\" data-widget_type=\"text-editor.default\">\n\t\t\t\t<div class=\"elementor-widget-container\">\n\t\t\t\t\t\t\t<ul><li>Palvelutalo Maunula roskakatos purkukorjaus v. 2019<\/li><li>Useita aitojen uusintoja\/korjauksia v. 2019-2020<\/li><li>Vuosaaressa useita asuntoja peruskorjausta\/maalausta v. 2020-2021<\/li><li>Vaaralassa kodin peruskorjaus v. 2021<\/li><li>Espoossa asuin rakennuksen lattioiden laatotus v. 2022<\/li><li>Puistolassa kylpyhuone remontti v. 2023<\/li><li>Pukinm\u00e4ki kylpyhuoneen muutos v. 2024<\/li><li>Oravanm\u00e4ki rivitaloasunnon huolto maalaus v. 2024<\/li><\/ul>\t\t\t\t\t\t<\/div>\n\t\t\t\t<\/div>\n\t\t\t\t\t<\/div>\n\t\t\t\t<\/div>\n\t\t<div class=\"elementor-element elementor-element-a77ff5b e-flex e-con-boxed e-con e-parent\" data-id=\"a77ff5b\" data-element_type=\"container\">\n\t\t\t\t\t<div class=\"e-con-inner\">\n\t\t\t\t<div class=\"elementor-element elementor-element-5a55d26 elementor-widget elementor-widget-menu-anchor\" data-id=\"5a55d26\" data-element_type=\"widget\" data-widget_type=\"menu-anchor.default\">\n\t\t\t\t<div class=\"elementor-widget-container\">\n\t\t\t\t\t<div class=\"elementor-menu-anchor\" id=\"Yhteistiedot\"><\/div>\n\t\t\t\t<\/div>\n\t\t\t\t<\/div>\n\t\t\t\t\t<\/div>\n\t\t\t\t<\/div>\n\t\t<div class=\"elementor-element elementor-element-5ade24a e-flex e-con-boxed e-con e-parent\" data-id=\"5ade24a\" data-element_type=\"container\">\n\t\t\t\t\t<div class=\"e-con-inner\">\n\t\t\t\t<div class=\"elementor-element elementor-element-49cdee8 elementor-widget elementor-widget-heading\" data-id=\"49cdee8\" data-element_type=\"widget\" data-widget_type=\"heading.default\">\n\t\t\t\t<div class=\"elementor-widget-container\">\n\t\t\t<h2 class=\"elementor-heading-title elementor-size-default\">Yhteystiedot<\/h2>\t\t<\/div>\n\t\t\t\t<\/div>\n\t\t\t\t\t<\/div>\n\t\t\t\t<\/div>\n\t\t<div class=\"elementor-element elementor-element-91a755a e-flex e-con-boxed e-con e-parent\" data-id=\"91a755a\" data-element_type=\"container\">\n\t\t\t\t\t<div class=\"e-con-inner\">\n\t\t\t\t<div class=\"elementor-element elementor-element-9714828 elementor-widget elementor-widget-text-editor\" data-id=\"9714828\" data-element_type=\"widget\" data-widget_type=\"text-editor.default\">\n\t\t\t\t<div class=\"elementor-widget-container\">\n\t\t\t\t\t\t\t<p>Korttelikorjaus<\/p><ul><li>Linnunradantie 5a<\/li><li>00740 Helsinki<\/li><li>Y-tunnus: 1662759-6<\/li><li>Toimitusjohtaja Joni Soilas<\/li><li>korttelikorjaus@gmail.com<\/li><li>Puh. 0400 787547<\/li><\/ul>\t\t\t\t\t\t<\/div>\n\t\t\t\t<\/div>\n\t\t\t\t\t<\/div>\n\t\t\t\t<\/div>\n\t\t<div class=\"elementor-element elementor-element-5629338 e-flex e-con-boxed e-con e-parent\" data-id=\"5629338\" data-element_type=\"container\">\n\t\t\t\t\t<div class=\"e-con-inner\">\n\t\t\t\t<div class=\"elementor-element elementor-element-6a5a30f elementor-widget elementor-widget-menu-anchor\" data-id=\"6a5a30f\" data-element_type=\"widget\" data-widget_type=\"menu-anchor.default\">\n\t\t\t\t<div class=\"elementor-widget-container\">\n\t\t\t\t\t<div class=\"elementor-menu-anchor\" id=\"Laskutus\"><\/div>\n\t\t\t\t<\/div>\n\t\t\t\t<\/div>\n\t\t\t\t\t<\/div>\n\t\t\t\t<\/div>\n\t\t<div class=\"elementor-element elementor-element-7d154ff e-flex e-con-boxed e-con e-parent\" data-id=\"7d154ff\" data-element_type=\"container\">\n\t\t\t\t\t<div class=\"e-con-inner\">\n\t\t\t\t<div class=\"elementor-element elementor-element-b939ca3 elementor-widget elementor-widget-heading\" data-id=\"b939ca3\" data-element_type=\"widget\" data-widget_type=\"heading.default\">\n\t\t\t\t<div class=\"elementor-widget-container\">\n\t\t\t<h2 class=\"elementor-heading-title elementor-size-default\">Laskutus<\/h2>\t\t<\/div>\n\t\t\t\t<\/div>\n\t\t\t\t\t<\/div>\n\t\t\t\t<\/div>\n\t\t<div class=\"elementor-element elementor-element-d2460bb e-flex e-con-boxed e-con e-parent\" data-id=\"d2460bb\" data-element_type=\"container\" data-settings=\"{&quot;background_background&quot;:&quot;classic&quot;}\">\n\t\t\t\t\t<div class=\"e-con-inner\">\n\t\t\t\t<div class=\"elementor-element elementor-element-bf31664 elementor-widget elementor-widget-text-editor\" data-id=\"bf31664\" data-element_type=\"widget\" data-widget_type=\"text-editor.default\">\n\t\t\t\t<div class=\"elementor-widget-container\">\n\t\t\t\t\t\t\t<p>Yhteisty\u00f6 kumppaneille ensisijaisesti verkkolasku\/s\u00e4hk\u00f6postiin tai paperilasku.<\/p>\t\t\t\t\t\t<\/div>\n\t\t\t\t<\/div>\n\t\t\t\t\t<\/div>\n\t\t\t\t<\/div>\n\t\t<div class=\"elementor-element elementor-element-5c29708 e-flex e-con-boxed e-con e-parent\" data-id=\"5c29708\" data-element_type=\"container\">\n\t\t\t\t\t<div class=\"e-con-inner\">\n\t\t\t\t<div class=\"elementor-element elementor-element-40e7521 elementor-align-center elementor-widget elementor-widget-button\" data-id=\"40e7521\" data-element_type=\"widget\" data-widget_type=\"button.default\">\n\t\t\t\t<div class=\"elementor-widget-container\">\n\t\t\t\t\t\t\t<div class=\"elementor-button-wrapper\">\n\t\t\t\t\t<a class=\"elementor-button elementor-button-link elementor-size-sm\" href=\"#Ylos\">\n\t\t\t\t\t\t<span class=\"elementor-button-content-wrapper\">\n\t\t\t\t\t\t<span class=\"elementor-button-icon\">\n\t\t\t\t<svg aria-hidden=\"true\" class=\"e-font-icon-svg e-fas-arrow-up\" viewBox=\"0 0 448 512\" xmlns=\"http:\/\/www.w3.org\/2000\/svg\"><path d=\"M34.9 289.5l-22.2-22.2c-9.4-9.4-9.4-24.6 0-33.9L207 39c9.4-9.4 24.6-9.4 33.9 0l194.3 194.3c9.4 9.4 9.4 24.6 0 33.9L413 289.4c-9.5 9.5-25 9.3-34.3-.4L264 168.6V456c0 13.3-10.7 24-24 24h-32c-13.3 0-24-10.7-24-24V168.6L69.2 289.1c-9.3 9.8-24.8 10-34.3.4z\"><\/path><\/svg>\t\t\t<\/span>\n\t\t\t\t\t\t\t\t<\/span>\n\t\t\t\t\t<\/a>\n\t\t\t\t<\/div>\n\t\t\t\t\t\t<\/div>\n\t\t\t\t<\/div>\n\t\t\t\t\t<\/div>\n\t\t\t\t<\/div>\n\t\t\t\t<\/div>\n\t\t","protected":false},"excerpt":{"rendered":"<p>KORTTELIKORJAUS Referenssit Yhteistiedot Laskutus Korttelikorjaus on korjausrakentamiseen erikoistunut yritys. Toimialaamme kuuluvat kaikki pienrakentaminen pohjasta pintaan ja purkut\u00f6ist\u00e4 uudisrakennuksiin. Ty\u00f6t\u00e4 tehd\u00e4\u00e4n 20 vuoden kokemuksella. Yritys toimii Uudenmaan alueella. Referenssit Palvelutalo Maunula roskakatos purkukorjaus v. 2019 Useita aitojen uusintoja\/korjauksia v. 2019-2020 Vuosaaressa useita asuntoja peruskorjausta\/maalausta v. 2020-2021 Vaaralassa kodin peruskorjaus v. 2021 Espoossa asuin rakennuksen lattioiden laatotus [&hellip;]<\/p>\n","protected":false},"author":1,"featured_media":0,"parent":0,"menu_order":0,"comment_status":"closed","ping_status":"closed","template":"elementor_header_footer","meta":{"_siteseo_robots_primary_cat":"","pagelayer_contact_templates":[],"_pagelayer_content":"","footnotes":""},"class_list":["post-7","page","type-page","status-publish","hentry"],"_links":{"self":[{"href":"https:\/\/shop.stadinao.eu\/RYHMAT\/2024_syksy\/Soilas\/wp-json\/wp\/v2\/pages\/7","targetHints":{"allow":["GET"]}}],"collection":[{"href":"https:\/\/shop.stadinao.eu\/RYHMAT\/2024_syksy\/Soilas\/wp-json\/wp\/v2\/pages"}],"about":[{"href":"https:\/\/shop.stadinao.eu\/RYHMAT\/2024_syksy\/Soilas\/wp-json\/wp\/v2\/types\/page"}],"author":[{"embeddable":true,"href":"https:\/\/shop.stadinao.eu\/RYHMAT\/2024_syksy\/Soilas\/wp-json\/wp\/v2\/users\/1"}],"replies":[{"embeddable":true,"href":"https:\/\/shop.stadinao.eu\/RYHMAT\/2024_syksy\/Soilas\/wp-json\/wp\/v2\/comments?post=7"}],"version-history":[{"count":142,"href":"https:\/\/shop.stadinao.eu\/RYHMAT\/2024_syksy\/Soilas\/wp-json\/wp\/v2\/pages\/7\/revisions"}],"predecessor-version":[{"id":186,"href":"https:\/\/shop.stadinao.eu\/RYHMAT\/2024_syksy\/Soilas\/wp-json\/wp\/v2\/pages\/7\/revisions\/186"}],"wp:attachment":[{"href":"https:\/\/shop.stadinao.eu\/RYHMAT\/2024_syksy\/Soilas\/wp-json\/wp\/v2\/media?parent=7"}],"curies":[{"name":"wp","href":"https:\/\/api.w.org\/{rel}","templated":true}]}}