{"id":115,"date":"2024-11-08T10:54:15","date_gmt":"2024-11-08T10:54:15","guid":{"rendered":"https:\/\/shop.stadinao.eu\/RYHMAT\/2024_syksy\/Moseiko\/?page_id=115"},"modified":"2026-01-30T11:38:52","modified_gmt":"2026-01-30T11:38:52","slug":"game-trailers","status":"publish","type":"page","link":"https:\/\/shop.stadinao.eu\/RYHMAT\/2024_syksy\/Moseiko\/game-trailers\/","title":{"rendered":"About me"},"content":{"rendered":"\t\t<div data-elementor-type=\"wp-page\" data-elementor-id=\"115\" class=\"elementor elementor-115\">\n\t\t\t\t<div class=\"elementor-element elementor-element-2ca09be e-flex e-con-boxed e-con e-parent\" data-id=\"2ca09be\" data-element_type=\"container\">\n\t\t\t\t\t<div class=\"e-con-inner\">\n\t\t\t\t<div class=\"elementor-element elementor-element-fc41990 elementor-widget elementor-widget-html\" data-id=\"fc41990\" data-element_type=\"widget\" data-widget_type=\"html.default\">\n\t\t\t\t<div class=\"elementor-widget-container\">\n\t\t\t<style>\n \t   #header{\n       \t\t display:none;\n    \t\t}\n    \t  #footer{\n        \t\tdisplay: none;\n    \t\t}\n    \t  hr{\n        \t\tdisplay: none;\n    \t\t}\n    \t  body{\n  \t  \/* Kuva on kirjastossa ja sen osoite haetaan sielt\u00e4. *\/\n background-image: url(https:\/\/shop.stadinao.eu\/RYHMAT\/2024_syksy\/Moseiko\/wp-content\/uploads\/2024\/11\/Screenshot-2024-11-07-at-13.21.33.png);\n  \t  \tbackground-repeat: no-repeat;\n   \t \tbackground-size: cover;\n  \t\t \/* VH = ViewpointHeight *\/\n   \t \tmin-height: 100VH;\n    \t\tbackground-position: center center;\n    \t\t}\n<\/style>\n\t\t<\/div>\n\t\t\t\t<\/div>\n\t\t<div class=\"elementor-element elementor-element-a967a29 e-grid e-con-full e-con e-child\" data-id=\"a967a29\" data-element_type=\"container\">\n\t\t\t\t<div class=\"elementor-element elementor-element-bc3ef30 e-transform e-transform e-transform elementor-widget elementor-widget-heading\" data-id=\"bc3ef30\" data-element_type=\"widget\" data-settings=\"{&quot;_transform_translateX_effect&quot;:{&quot;unit&quot;:&quot;px&quot;,&quot;size&quot;:-111,&quot;sizes&quot;:[]},&quot;_transform_translateX_effect_tablet&quot;:{&quot;unit&quot;:&quot;px&quot;,&quot;size&quot;:&quot;&quot;,&quot;sizes&quot;:[]},&quot;_transform_translateX_effect_mobile&quot;:{&quot;unit&quot;:&quot;px&quot;,&quot;size&quot;:&quot;&quot;,&quot;sizes&quot;:[]},&quot;_transform_translateY_effect&quot;:{&quot;unit&quot;:&quot;px&quot;,&quot;size&quot;:&quot;&quot;,&quot;sizes&quot;:[]},&quot;_transform_translateY_effect_tablet&quot;:{&quot;unit&quot;:&quot;px&quot;,&quot;size&quot;:&quot;&quot;,&quot;sizes&quot;:[]},&quot;_transform_translateY_effect_mobile&quot;:{&quot;unit&quot;:&quot;px&quot;,&quot;size&quot;:&quot;&quot;,&quot;sizes&quot;:[]},&quot;_transform_scale_effect&quot;:{&quot;unit&quot;:&quot;px&quot;,&quot;size&quot;:&quot;&quot;,&quot;sizes&quot;:[]},&quot;_transform_scale_effect_tablet&quot;:{&quot;unit&quot;:&quot;px&quot;,&quot;size&quot;:&quot;&quot;,&quot;sizes&quot;:[]},&quot;_transform_scale_effect_mobile&quot;:{&quot;unit&quot;:&quot;px&quot;,&quot;size&quot;:&quot;&quot;,&quot;sizes&quot;:[]},&quot;_transform_skewX_effect&quot;:{&quot;unit&quot;:&quot;px&quot;,&quot;size&quot;:&quot;&quot;,&quot;sizes&quot;:[]},&quot;_transform_skewX_effect_tablet&quot;:{&quot;unit&quot;:&quot;deg&quot;,&quot;size&quot;:&quot;&quot;,&quot;sizes&quot;:[]},&quot;_transform_skewX_effect_mobile&quot;:{&quot;unit&quot;:&quot;deg&quot;,&quot;size&quot;:&quot;&quot;,&quot;sizes&quot;:[]},&quot;_transform_skewY_effect&quot;:{&quot;unit&quot;:&quot;px&quot;,&quot;size&quot;:&quot;&quot;,&quot;sizes&quot;:[]},&quot;_transform_skewY_effect_tablet&quot;:{&quot;unit&quot;:&quot;deg&quot;,&quot;size&quot;:&quot;&quot;,&quot;sizes&quot;:[]},&quot;_transform_skewY_effect_mobile&quot;:{&quot;unit&quot;:&quot;deg&quot;,&quot;size&quot;:&quot;&quot;,&quot;sizes&quot;:[]}}\" data-widget_type=\"heading.default\">\n\t\t\t\t<div class=\"elementor-widget-container\">\n\t\t\t<h2 class=\"elementor-heading-title elementor-size-default\"><a href=\"https:\/\/shop.stadinao.eu\/RYHMAT\/2024_syksy\/Moseiko\/\">Back to Main page<\/a><\/h2>\t\t<\/div>\n\t\t\t\t<\/div>\n\t\t\t\t<\/div>\n\t\t\t\t\t<\/div>\n\t\t\t\t<\/div>\n\t\t<div class=\"elementor-element elementor-element-f7d1fe4 e-flex e-con-boxed e-con e-parent\" data-id=\"f7d1fe4\" data-element_type=\"container\">\n\t\t\t\t\t<div class=\"e-con-inner\">\n\t\t\t\t<div class=\"elementor-element elementor-element-cc05238 elementor-widget elementor-widget-heading\" data-id=\"cc05238\" data-element_type=\"widget\" data-widget_type=\"heading.default\">\n\t\t\t\t<div class=\"elementor-widget-container\">\n\t\t\t<h2 class=\"elementor-heading-title elementor-size-default\">About me <\/h2>\t\t<\/div>\n\t\t\t\t<\/div>\n\t\t\t\t\t<\/div>\n\t\t\t\t<\/div>\n\t\t<div class=\"elementor-element elementor-element-9cfde6c e-flex e-con-boxed e-con e-parent\" data-id=\"9cfde6c\" data-element_type=\"container\">\n\t\t\t\t\t<div class=\"e-con-inner\">\n\t\t\t\t<div class=\"elementor-element elementor-element-fa58ed9 elementor-widget elementor-widget-text-editor\" data-id=\"fa58ed9\" data-element_type=\"widget\" data-widget_type=\"text-editor.default\">\n\t\t\t\t<div class=\"elementor-widget-container\">\n\t\t\t\t\t\t\t<p data-olk-copy-source=\"MessageBody\">English:<\/p><p>My name is Vlada Morozova. I am a student at Stadin AO in the Media field, specializing in graphic design. This is my small portfolio as I am just starting my journey as a graphic designer.<\/p><p>Suomi:<\/p><p>Nimeni on Vlada Morozova. Olen Stadin AO:n Media-alan opiskelija, ja opiskelen graafista suunnittelua. T\u00e4m\u00e4 on pieni portfolioni, sill\u00e4 olen vasta aloittava graafinen suunnittelija.<\/p><p>\u0420\u0443\u0441\u0441\u043a\u0438\u0439:<\/p><p>\u041c\u0435\u043d\u044f \u0437\u043e\u0432\u0443\u0442 \u0412\u043b\u0430\u0434\u0430 \u041c\u043e\u0440\u043e\u0437\u043e\u0432\u0430. \u042f \u0441\u0442\u0443\u0434\u0435\u043d\u0442\u043a\u0430 Stadin AO \u043d\u0430 \u043d\u0430\u043f\u0440\u0430\u0432\u043b\u0435\u043d\u0438\u0438 \u201c\u041c\u0435\u0434\u0438\u0430\u201d, \u0437\u0430\u043d\u0438\u043c\u0430\u044e\u0441\u044c \u0433\u0440\u0430\u0444\u0438\u0447\u0435\u0441\u043a\u0438\u043c \u0434\u0438\u0437\u0430\u0439\u043d\u043e\u043c. \u042d\u0442\u043e \u043c\u043e\u0451 \u043d\u0435\u0431\u043e\u043b\u044c\u0448\u043e\u0435 \u043f\u043e\u0440\u0442\u0444\u043e\u043b\u0438\u043e, \u0442\u0430\u043a \u043a\u0430\u043a \u044f \u0442\u043e\u043b\u044c\u043a\u043e \u043d\u0430\u0447\u0438\u043d\u0430\u044e\u0449\u0438\u0439 \u0433\u0440\u0430\u0444\u0438\u0447\u0435\u0441\u043a\u0438\u0439 \u0434\u0438\u0437\u0430\u0439\u043d\u0435\u0440.<\/p><p>.<\/p>\t\t\t\t\t\t<\/div>\n\t\t\t\t<\/div>\n\t\t\t\t\t<\/div>\n\t\t\t\t<\/div>\n\t\t\t\t<\/div>\n\t\t","protected":false},"excerpt":{"rendered":"<p>Back to Main page About me English: My name is Vlada Morozova. I am a student at Stadin AO in the Media field, specializing in graphic design. This is my small portfolio as I am just starting my journey as a graphic designer. Suomi: Nimeni on Vlada Morozova. Olen Stadin AO:n Media-alan opiskelija, ja opiskelen [&hellip;]<\/p>\n","protected":false},"author":1,"featured_media":0,"parent":0,"menu_order":0,"comment_status":"closed","ping_status":"closed","template":"elementor_header_footer","meta":{"_siteseo_robots_primary_cat":"","pagelayer_contact_templates":[],"_pagelayer_content":"","footnotes":""},"class_list":["post-115","page","type-page","status-publish","hentry"],"_links":{"self":[{"href":"https:\/\/shop.stadinao.eu\/RYHMAT\/2024_syksy\/Moseiko\/wp-json\/wp\/v2\/pages\/115","targetHints":{"allow":["GET"]}}],"collection":[{"href":"https:\/\/shop.stadinao.eu\/RYHMAT\/2024_syksy\/Moseiko\/wp-json\/wp\/v2\/pages"}],"about":[{"href":"https:\/\/shop.stadinao.eu\/RYHMAT\/2024_syksy\/Moseiko\/wp-json\/wp\/v2\/types\/page"}],"author":[{"embeddable":true,"href":"https:\/\/shop.stadinao.eu\/RYHMAT\/2024_syksy\/Moseiko\/wp-json\/wp\/v2\/users\/1"}],"replies":[{"embeddable":true,"href":"https:\/\/shop.stadinao.eu\/RYHMAT\/2024_syksy\/Moseiko\/wp-json\/wp\/v2\/comments?post=115"}],"version-history":[{"count":20,"href":"https:\/\/shop.stadinao.eu\/RYHMAT\/2024_syksy\/Moseiko\/wp-json\/wp\/v2\/pages\/115\/revisions"}],"predecessor-version":[{"id":460,"href":"https:\/\/shop.stadinao.eu\/RYHMAT\/2024_syksy\/Moseiko\/wp-json\/wp\/v2\/pages\/115\/revisions\/460"}],"wp:attachment":[{"href":"https:\/\/shop.stadinao.eu\/RYHMAT\/2024_syksy\/Moseiko\/wp-json\/wp\/v2\/media?parent=115"}],"curies":[{"name":"wp","href":"https:\/\/api.w.org\/{rel}","templated":true}]}}